{"id":540,"date":"2016-01-06T14:26:21","date_gmt":"2016-01-06T13:26:21","guid":{"rendered":"http:\/\/la-petite-aubue.com\/de\/activiteiten\/"},"modified":"2025-12-28T15:13:53","modified_gmt":"2025-12-28T14:13:53","slug":"activiteiten","status":"publish","type":"page","link":"https:\/\/la-petite-aubue.com\/de\/activiteiten\/","title":{"rendered":"Aktivit\u00e4ten"},"content":{"rendered":"<p>[et_pb_section fb_built=&#8220;1&#8243; fullwidth=&#8220;on&#8220; admin_label=&#8220;Sectie&#8220; _builder_version=&#8220;4.16&#8243; global_colors_info=&#8220;{}&#8220;][et_pb_fullwidth_slider show_arrows=&#8220;off&#8220; show_pagination=&#8220;off&#8220; admin_label=&#8220;Volle breedte slider&#8220; _builder_version=&#8220;4.16&#8243; custom_padding=&#8220;|||&#8220; custom_padding_tablet=&#8220;|||&#8220; custom_padding_phone=&#8220;|||&#8220; box_shadow_style=&#8220;preset6&#8243; box_shadow_blur=&#8220;10px&#8220; box_shadow_color=&#8220;rgba(0,0,0,0.1)&#8220; remove_inner_shadow=&#8220;off&#8220; hide_content_on_mobile=&#8220;off&#8220; hide_cta_on_mobile=&#8220;off&#8220; show_inner_shadow=&#8220;on&#8220; button_border_radius_hover=&#8220;3&#8243; button_letter_spacing_hover=&#8220;0&#8243; global_colors_info=&#8220;{}&#8220; button_text_size__hover_enabled=&#8220;off&#8220; button_one_text_size__hover_enabled=&#8220;off&#8220; button_two_text_size__hover_enabled=&#8220;off&#8220; button_text_color__hover_enabled=&#8220;off&#8220; button_one_text_color__hover_enabled=&#8220;off&#8220; button_two_text_color__hover_enabled=&#8220;off&#8220; button_border_width__hover_enabled=&#8220;off&#8220; button_one_border_width__hover_enabled=&#8220;off&#8220; button_two_border_width__hover_enabled=&#8220;off&#8220; button_border_color__hover_enabled=&#8220;off&#8220; button_one_border_color__hover_enabled=&#8220;off&#8220; button_two_border_color__hover_enabled=&#8220;off&#8220; button_border_radius__hover_enabled=&#8220;on&#8220; button_border_radius__hover=&#8220;3&#8243; button_one_border_radius__hover_enabled=&#8220;off&#8220; button_two_border_radius__hover_enabled=&#8220;off&#8220; button_letter_spacing__hover_enabled=&#8220;on&#8220; button_letter_spacing__hover=&#8220;0&#8243; button_one_letter_spacing__hover_enabled=&#8220;off&#8220; button_two_letter_spacing__hover_enabled=&#8220;off&#8220; button_bg_color__hover_enabled=&#8220;off&#8220; button_one_bg_color__hover_enabled=&#8220;off&#8220; button_two_bg_color__hover_enabled=&#8220;off&#8220;][et_pb_slide image=&#8220;http:\/\/la-petite-aubue.com\/wp-content\/uploads\/2015\/11\/aktiviteit201201.jpg&#8220; admin_title=&#8220;Gite&#8220; _builder_version=&#8220;4.16&#8243; background_color=&#8220;#ffffff&#8220; background_image=&#8220;http:\/\/la-petite-aubue.com\/wp-content\/uploads\/2015\/11\/aktiviteit201201.jpg&#8220; button_icon_placement=&#8220;right&#8220; button_on_hover=&#8220;on&#8220; global_colors_info=&#8220;{}&#8220; button_text_size__hover_enabled=&#8220;off&#8220; button_one_text_size__hover_enabled=&#8220;off&#8220; button_two_text_size__hover_enabled=&#8220;off&#8220; button_text_color__hover_enabled=&#8220;off&#8220; button_one_text_color__hover_enabled=&#8220;off&#8220; button_two_text_color__hover_enabled=&#8220;off&#8220; button_border_width__hover_enabled=&#8220;off&#8220; button_one_border_width__hover_enabled=&#8220;off&#8220; button_two_border_width__hover_enabled=&#8220;off&#8220; button_border_color__hover_enabled=&#8220;off&#8220; button_one_border_color__hover_enabled=&#8220;off&#8220; button_two_border_color__hover_enabled=&#8220;off&#8220; button_border_radius__hover_enabled=&#8220;off&#8220; button_one_border_radius__hover_enabled=&#8220;off&#8220; button_two_border_radius__hover_enabled=&#8220;off&#8220; button_letter_spacing__hover_enabled=&#8220;off&#8220; button_one_letter_spacing__hover_enabled=&#8220;off&#8220; button_two_letter_spacing__hover_enabled=&#8220;off&#8220; button_bg_color__hover_enabled=&#8220;off&#8220; button_one_bg_color__hover_enabled=&#8220;off&#8220; button_two_bg_color__hover_enabled=&#8220;off&#8220; sticky_transition=&#8220;on&#8220;] [\/et_pb_slide][\/et_pb_fullwidth_slider][\/et_pb_section][et_pb_section fb_built=&#8220;1&#8243; admin_label=&#8220;section&#8220; _builder_version=&#8220;4.16&#8243; global_colors_info=&#8220;{}&#8220;][et_pb_row admin_label=&#8220;row&#8220; _builder_version=&#8220;4.16&#8243; background_size=&#8220;initial&#8220; background_position=&#8220;top_left&#8220; background_repeat=&#8220;repeat&#8220; global_colors_info=&#8220;{}&#8220;][et_pb_column type=&#8220;4_4&#8243; _builder_version=&#8220;4.16&#8243; custom_padding=&#8220;|||&#8220; global_colors_info=&#8220;{}&#8220; custom_padding__hover=&#8220;|||&#8220;][et_pb_text admin_label=&#8220;Aktivit\u00e4ten&#8220; _builder_version=&#8220;4.16&#8243; text_font=&#8220;Dancing Script|on|||&#8220; text_text_color=&#8220;#dba029&#8243; text_font_size=&#8220;45&#8243; background_size=&#8220;initial&#8220; background_position=&#8220;top_left&#8220; background_repeat=&#8220;repeat&#8220; custom_margin=&#8220;1em||1em|&#8220; use_border_color=&#8220;off&#8220; border_color=&#8220;#ffffff&#8220; border_style=&#8220;solid&#8220; saved_tabs=&#8220;all&#8220; global_colors_info=&#8220;{}&#8220;]Aktivit\u00e4ten<br \/>\n[\/et_pb_text][et_pb_text admin_label=&#8220;Tekst activiteiten&#8220; _builder_version=&#8220;4.27.5&#8243; background_size=&#8220;initial&#8220; background_position=&#8220;top_left&#8220; background_repeat=&#8220;repeat&#8220; custom_margin=&#8220;||2em|&#8220; hover_enabled=&#8220;0&#8243; use_border_color=&#8220;off&#8220; border_color=&#8220;#ffffff&#8220; border_style=&#8220;solid&#8220; global_colors_info=&#8220;{}&#8220; sticky_enabled=&#8220;0&#8243;]<\/p>\n<p>\u201cLa Vie en Vert\u201d. Die Region hat viel zu bieten, aber insbesondere Ruhe, Natur, Kultur, Sport, gutes Essen &amp; Trinken und sch\u00f6nes Wetter.\u2028Nicht zu verfehlen das Reservat du Pinail, La Bataille, la Vienne \u00e0 V\u00e9lo, die Konzerte und Festspiele, Brocantes und die Wein Chateaux.<\/p>\n<p><b>Aktivit\u00e4ten und Sehensw\u00fcrdigkeiten<\/b><\/p>\n<ul>\n<li>Spazieren und Fahrrad fahren, mehrere Strecken direkt ab La Petite Aubue<\/li>\n<li>Jakobsweg nach Santiago de Compostela, 0,5 km<\/li>\n<li><a href=\"https:\/\/poitou-charentes.lpo.fr\/la-reserve-ornithologique-de-saint-cyr\/\">La r\u00e9serve de Saint-Cyr (Vogelreservat LPO Poitou-Charentes), 4 km<\/a><\/li>\n<li><a href=\"http:\/\/www.reserve-pinail.org\" target=\"_blank\" rel=\"noopener\">R\u00e9servat de Pinail, besondere Pflanzen- und Tierwelt<\/a><\/li>\n<li><a href=\"http:\/\/www.golfduhautpoitou.com\" target=\"_blank\" rel=\"noopener\">9 + 18 holes Golf bei Haut Poitou, 3 km<\/a><\/li>\n<li><a href=\"http:\/\/www.lacdesaintcyr.com\" target=\"_blank\" rel=\"noopener\">Strand, Schwimmen, Surfen, Segeln am Lac Saint Cyr, 4 km<\/a><\/li>\n<li><a href=\"http:\/\/www.mouliere.com\" target=\"_blank\" rel=\"noopener\">Reiten in der Natur, Foret de Mouli\u00e8re, 15 km<\/a><\/li>\n<li><a href=\"http:\/\/www.lafourmycanoekayak.com\" target=\"_blank\" rel=\"noopener\">Kanu\/Kajak fahren, Angeln in La Vienne und Le Clain, 4 km<\/a><\/li>\n<li><a href=\"http:\/\/www.cenon-sur-vienne.fr\" target=\"_blank\" rel=\"noopener\">Miniport Cenon sur Vienne, elektrische Boote<\/a><\/li>\n<li><a href=\"http:\/\/www.peche86.fr\" target=\"_blank\" rel=\"noopener\">Angeln in Fl\u00fcssen und Seen<\/a><\/li>\n<li><a href=\"http:\/\/www.futuroscope.com\" target=\"_blank\" rel=\"noopener\">Parc Futuroscope, Architektur und Film, 15 km<\/a><\/li>\n<li><a href=\"http:\/\/www.abbaye-saint-savin.fr\" target=\"_blank\" rel=\"noopener\">Abbaye Saint Savin, Fresken. UNICEF Qualifiziert, 42 km<\/a><\/li>\n<li><a href=\"http:\/\/www.chauvigny.fr\" target=\"_blank\" rel=\"noopener\">Die mittelalterliche Stadt mit 5 Schl\u00f6ssern, Chauvigny, 23 km<\/a><\/li>\n<li><a href=\"http:\/\/www.ot-poitiers.fr\" target=\"_blank\" rel=\"noopener\">Poitiers, historische und Universit\u00e4t-Stadt, 30 km<\/a><\/li>\n<li><a href=\"http:\/\/www.anglessuranglin.com\" target=\"_blank\" rel=\"noopener\">Angles sur Anglin, \u201ceines der sch\u00f6nsten D\u00f6rfer von Frankreich\u201c, 32 km<\/a><\/li>\n<li>Die vielen Markpl\u00e4tze in D\u00f6rfern und kleinen St\u00e4dten, mit \u201cProdukte aus der Gegend\u201c<\/li>\n<li>Shopping in Chatellerault, Poitiers und Tours (90 km)<\/li>\n<\/ul>\n<p><b>Etwas weiter entfernt finden sie:<br \/><\/b><\/p>\n<ul>\n<li>Die Schl\u00f6sser der Loire (Chenonceaux 95 km), Saumur 85 km, Tours 90 km, \u2028 Ch\u00e2teauroux 115 km und Limoges 125 km<\/li>\n<li>\u00dcber die A10 sind Sie innerhalb von 2 Stunden in La Rochelle, an der Atlantikk\u00fcste oder auf\u2028 der Ile de R\u00e9.<\/li>\n<\/ul>\n<p><b>Weitere touristische Informationen:<\/b><\/p>\n<p><a href=\"http:\/\/www.tourisme-vienne.com\/\" target=\"_blank\" rel=\"noopener\">www.tourisme-vienne.com<\/a><br \/><a href=\"http:\/\/www.tourisme-chatellerault.fr\" target=\"_blank\" rel=\"noopener\">www.tourisme-chatellerault.fr<\/a><br \/><a href=\"http:\/\/www.routehistorique86.com\" target=\"_blank\" rel=\"noopener\">www.routehistorique86.com<\/a><br \/><a href=\"http:\/\/www.vouneuil-sur-vienne.fr\/\" target=\"_blank\" rel=\"noopener\">www.vouneuil-sur-vienne.fr<\/a><\/p>\n<p>[\/et_pb_text][\/et_pb_column][\/et_pb_row][et_pb_row padding_mobile=&#8220;off&#8220; column_padding_mobile=&#8220;on&#8220; admin_label=&#8220;Rij&#8220; _builder_version=&#8220;4.16&#8243; background_size=&#8220;initial&#8220; background_position=&#8220;top_left&#8220; background_repeat=&#8220;repeat&#8220; custom_padding=&#8220;||2em|&#8220; make_fullwidth=&#8220;off&#8220; use_custom_width=&#8220;off&#8220; width_unit=&#8220;on&#8220; global_colors_info=&#8220;{}&#8220;][et_pb_column type=&#8220;4_4&#8243; _builder_version=&#8220;4.16&#8243; custom_padding=&#8220;|||&#8220; global_colors_info=&#8220;{}&#8220; custom_padding__hover=&#8220;|||&#8220;][et_pb_gallery gallery_ids=&#8220;2270,207,171,170,159,182,168,2271&#8243; show_title_and_caption=&#8220;off&#8220; show_pagination=&#8220;off&#8220; admin_label=&#8220;Galerij&#8220; _builder_version=&#8220;4.16&#8243; use_border_color=&#8220;off&#8220; border_color=&#8220;#ffffff&#8220; border_style=&#8220;solid&#8220; saved_tabs=&#8220;all&#8220; global_colors_info=&#8220;{}&#8220;][\/et_pb_gallery][\/et_pb_column][\/et_pb_row][\/et_pb_section]<\/p>\n","protected":false},"excerpt":{"rendered":"<p>Aktivit\u00e4ten \u201cLa Vie en Vert\u201d. Die Region hat viel zu bieten, aber insbesondere Ruhe, Natur, Kultur, Sport, gutes Essen &amp; Trinken und sch\u00f6nes Wetter.\u2028Nicht zu verfehlen das Reservat du Pinail, La Bataille, la Vienne \u00e0 V\u00e9lo, die Konzerte und Festspiele, Brocantes und die Wein Chateaux. Aktivit\u00e4ten und Sehensw\u00fcrdigkeiten Spazieren und Fahrrad fahren, mehrere Strecken direkt [&hellip;]<\/p>\n","protected":false},"author":1,"featured_media":0,"parent":0,"menu_order":0,"comment_status":"closed","ping_status":"closed","template":"","meta":{"_et_pb_use_builder":"on","_et_pb_old_content":"","_et_gb_content_width":"","ngg_post_thumbnail":0,"footnotes":""},"class_list":["post-540","page","type-page","status-publish","hentry"],"yoast_head":"<!-- This site is optimized with the Yoast SEO plugin v27.0 - https:\/\/yoast.com\/product\/yoast-seo-wordpress\/ -->\n<title>Aktivit\u00e4ten - La Petite Aubue<\/title>\n<meta name=\"robots\" content=\"index, follow, max-snippet:-1, max-image-preview:large, max-video-preview:-1\" \/>\n<link rel=\"canonical\" href=\"https:\/\/la-petite-aubue.com\/de\/activiteiten\/\" \/>\n<meta property=\"og:locale\" content=\"de_DE\" \/>\n<meta property=\"og:type\" content=\"article\" \/>\n<meta property=\"og:title\" content=\"Aktivit\u00e4ten - La Petite Aubue\" \/>\n<meta property=\"og:description\" content=\"Aktivit\u00e4ten \u201cLa Vie en Vert\u201d. Die Region hat viel zu bieten, aber insbesondere Ruhe, Natur, Kultur, Sport, gutes Essen &amp; Trinken und sch\u00f6nes Wetter.\u2028Nicht zu verfehlen das Reservat du Pinail, La Bataille, la Vienne \u00e0 V\u00e9lo, die Konzerte und Festspiele, Brocantes und die Wein Chateaux. Aktivit\u00e4ten und Sehensw\u00fcrdigkeiten Spazieren und Fahrrad fahren, mehrere Strecken direkt [&hellip;]\" \/>\n<meta property=\"og:url\" content=\"https:\/\/la-petite-aubue.com\/de\/activiteiten\/\" \/>\n<meta property=\"og:site_name\" content=\"La Petite Aubue\" \/>\n<meta property=\"article:modified_time\" content=\"2025-12-28T14:13:53+00:00\" \/>\n<meta name=\"twitter:card\" content=\"summary_large_image\" \/>\n<meta name=\"twitter:label1\" content=\"Gesch\u00e4tzte Lesezeit\" \/>\n\t<meta name=\"twitter:data1\" content=\"3\u00a0Minuten\" \/>\n<script type=\"application\/ld+json\" class=\"yoast-schema-graph\">{\"@context\":\"https:\/\/schema.org\",\"@graph\":[{\"@type\":\"WebPage\",\"@id\":\"https:\/\/la-petite-aubue.com\/de\/activiteiten\/\",\"url\":\"https:\/\/la-petite-aubue.com\/de\/activiteiten\/\",\"name\":\"Aktivit\u00e4ten - La Petite Aubue\",\"isPartOf\":{\"@id\":\"https:\/\/la-petite-aubue.com\/#website\"},\"datePublished\":\"2016-01-06T13:26:21+00:00\",\"dateModified\":\"2025-12-28T14:13:53+00:00\",\"breadcrumb\":{\"@id\":\"https:\/\/la-petite-aubue.com\/de\/activiteiten\/#breadcrumb\"},\"inLanguage\":\"de\",\"potentialAction\":[{\"@type\":\"ReadAction\",\"target\":[\"https:\/\/la-petite-aubue.com\/de\/activiteiten\/\"]}]},{\"@type\":\"BreadcrumbList\",\"@id\":\"https:\/\/la-petite-aubue.com\/de\/activiteiten\/#breadcrumb\",\"itemListElement\":[{\"@type\":\"ListItem\",\"position\":1,\"name\":\"Home\",\"item\":\"https:\/\/la-petite-aubue.com\/de\/\"},{\"@type\":\"ListItem\",\"position\":2,\"name\":\"Aktivit\u00e4ten\"}]},{\"@type\":\"WebSite\",\"@id\":\"https:\/\/la-petite-aubue.com\/#website\",\"url\":\"https:\/\/la-petite-aubue.com\/\",\"name\":\"La Petite Aubue\",\"description\":\"Vakantiewoning in het glooiende landschap van de Poitou\",\"publisher\":{\"@id\":\"https:\/\/la-petite-aubue.com\/#organization\"},\"potentialAction\":[{\"@type\":\"SearchAction\",\"target\":{\"@type\":\"EntryPoint\",\"urlTemplate\":\"https:\/\/la-petite-aubue.com\/?s={search_term_string}\"},\"query-input\":{\"@type\":\"PropertyValueSpecification\",\"valueRequired\":true,\"valueName\":\"search_term_string\"}}],\"inLanguage\":\"de\"},{\"@type\":\"Organization\",\"@id\":\"https:\/\/la-petite-aubue.com\/#organization\",\"name\":\"La Petite Aubue\",\"url\":\"https:\/\/la-petite-aubue.com\/\",\"logo\":{\"@type\":\"ImageObject\",\"inLanguage\":\"de\",\"@id\":\"https:\/\/la-petite-aubue.com\/#\/schema\/logo\/image\/\",\"url\":\"https:\/\/la-petite-aubue.com\/wp-content\/uploads\/2015\/11\/La-Petite-Aubue-logo.png\",\"contentUrl\":\"https:\/\/la-petite-aubue.com\/wp-content\/uploads\/2015\/11\/La-Petite-Aubue-logo.png\",\"width\":531,\"height\":82,\"caption\":\"La Petite Aubue\"},\"image\":{\"@id\":\"https:\/\/la-petite-aubue.com\/#\/schema\/logo\/image\/\"}}]}<\/script>\n<!-- \/ Yoast SEO plugin. -->","yoast_head_json":{"title":"Aktivit\u00e4ten - La Petite Aubue","robots":{"index":"index","follow":"follow","max-snippet":"max-snippet:-1","max-image-preview":"max-image-preview:large","max-video-preview":"max-video-preview:-1"},"canonical":"https:\/\/la-petite-aubue.com\/de\/activiteiten\/","og_locale":"de_DE","og_type":"article","og_title":"Aktivit\u00e4ten - La Petite Aubue","og_description":"Aktivit\u00e4ten \u201cLa Vie en Vert\u201d. Die Region hat viel zu bieten, aber insbesondere Ruhe, Natur, Kultur, Sport, gutes Essen &amp; Trinken und sch\u00f6nes Wetter.\u2028Nicht zu verfehlen das Reservat du Pinail, La Bataille, la Vienne \u00e0 V\u00e9lo, die Konzerte und Festspiele, Brocantes und die Wein Chateaux. Aktivit\u00e4ten und Sehensw\u00fcrdigkeiten Spazieren und Fahrrad fahren, mehrere Strecken direkt [&hellip;]","og_url":"https:\/\/la-petite-aubue.com\/de\/activiteiten\/","og_site_name":"La Petite Aubue","article_modified_time":"2025-12-28T14:13:53+00:00","twitter_card":"summary_large_image","twitter_misc":{"Gesch\u00e4tzte Lesezeit":"3\u00a0Minuten"},"schema":{"@context":"https:\/\/schema.org","@graph":[{"@type":"WebPage","@id":"https:\/\/la-petite-aubue.com\/de\/activiteiten\/","url":"https:\/\/la-petite-aubue.com\/de\/activiteiten\/","name":"Aktivit\u00e4ten - La Petite Aubue","isPartOf":{"@id":"https:\/\/la-petite-aubue.com\/#website"},"datePublished":"2016-01-06T13:26:21+00:00","dateModified":"2025-12-28T14:13:53+00:00","breadcrumb":{"@id":"https:\/\/la-petite-aubue.com\/de\/activiteiten\/#breadcrumb"},"inLanguage":"de","potentialAction":[{"@type":"ReadAction","target":["https:\/\/la-petite-aubue.com\/de\/activiteiten\/"]}]},{"@type":"BreadcrumbList","@id":"https:\/\/la-petite-aubue.com\/de\/activiteiten\/#breadcrumb","itemListElement":[{"@type":"ListItem","position":1,"name":"Home","item":"https:\/\/la-petite-aubue.com\/de\/"},{"@type":"ListItem","position":2,"name":"Aktivit\u00e4ten"}]},{"@type":"WebSite","@id":"https:\/\/la-petite-aubue.com\/#website","url":"https:\/\/la-petite-aubue.com\/","name":"La Petite Aubue","description":"Vakantiewoning in het glooiende landschap van de Poitou","publisher":{"@id":"https:\/\/la-petite-aubue.com\/#organization"},"potentialAction":[{"@type":"SearchAction","target":{"@type":"EntryPoint","urlTemplate":"https:\/\/la-petite-aubue.com\/?s={search_term_string}"},"query-input":{"@type":"PropertyValueSpecification","valueRequired":true,"valueName":"search_term_string"}}],"inLanguage":"de"},{"@type":"Organization","@id":"https:\/\/la-petite-aubue.com\/#organization","name":"La Petite Aubue","url":"https:\/\/la-petite-aubue.com\/","logo":{"@type":"ImageObject","inLanguage":"de","@id":"https:\/\/la-petite-aubue.com\/#\/schema\/logo\/image\/","url":"https:\/\/la-petite-aubue.com\/wp-content\/uploads\/2015\/11\/La-Petite-Aubue-logo.png","contentUrl":"https:\/\/la-petite-aubue.com\/wp-content\/uploads\/2015\/11\/La-Petite-Aubue-logo.png","width":531,"height":82,"caption":"La Petite Aubue"},"image":{"@id":"https:\/\/la-petite-aubue.com\/#\/schema\/logo\/image\/"}}]}},"_links":{"self":[{"href":"https:\/\/la-petite-aubue.com\/de\/wp-json\/wp\/v2\/pages\/540","targetHints":{"allow":["GET"]}}],"collection":[{"href":"https:\/\/la-petite-aubue.com\/de\/wp-json\/wp\/v2\/pages"}],"about":[{"href":"https:\/\/la-petite-aubue.com\/de\/wp-json\/wp\/v2\/types\/page"}],"author":[{"embeddable":true,"href":"https:\/\/la-petite-aubue.com\/de\/wp-json\/wp\/v2\/users\/1"}],"replies":[{"embeddable":true,"href":"https:\/\/la-petite-aubue.com\/de\/wp-json\/wp\/v2\/comments?post=540"}],"version-history":[{"count":12,"href":"https:\/\/la-petite-aubue.com\/de\/wp-json\/wp\/v2\/pages\/540\/revisions"}],"predecessor-version":[{"id":2273,"href":"https:\/\/la-petite-aubue.com\/de\/wp-json\/wp\/v2\/pages\/540\/revisions\/2273"}],"wp:attachment":[{"href":"https:\/\/la-petite-aubue.com\/de\/wp-json\/wp\/v2\/media?parent=540"}],"curies":[{"name":"wp","href":"https:\/\/api.w.org\/{rel}","templated":true}]}}