{"id":634,"date":"2016-02-11T17:33:41","date_gmt":"2016-02-11T16:33:41","guid":{"rendered":"http:\/\/la-petite-aubue.com\/de\/?page_id=634"},"modified":"2017-01-23T21:28:38","modified_gmt":"2017-01-23T20:28:38","slug":"die-umgebung","status":"publish","type":"page","link":"https:\/\/la-petite-aubue.com\/de\/die-umgebung\/","title":{"rendered":"Die Umgebung"},"content":{"rendered":"<p>[et_pb_section admin_label=&#8220;Sectie&#8220; fullwidth=&#8220;on&#8220; specialty=&#8220;off&#8220;][et_pb_fullwidth_slider admin_label=&#8220;Volle breedte slider&#8220; show_arrows=&#8220;off&#8220; show_pagination=&#8220;off&#8220; auto=&#8220;on&#8220; auto_ignore_hover=&#8220;off&#8220; parallax=&#8220;off&#8220; parallax_method=&#8220;off&#8220; remove_inner_shadow=&#8220;off&#8220; background_position=&#8220;default&#8220; background_size=&#8220;default&#8220; hide_content_on_mobile=&#8220;off&#8220; hide_cta_on_mobile=&#8220;off&#8220; show_image_video_mobile=&#8220;off&#8220; header_font_size=&#8220;46&#8243; body_font_size=&#8220;16&#8243; custom_button=&#8220;off&#8220; button_text_size=&#8220;20&#8243; button_border_width=&#8220;2&#8243; button_border_radius=&#8220;3&#8243; button_letter_spacing=&#8220;0&#8243; button_use_icon=&#8220;default&#8220; button_icon_placement=&#8220;right&#8220; button_on_hover=&#8220;on&#8220; button_border_radius_hover=&#8220;3&#8243; button_letter_spacing_hover=&#8220;0&#8243; header_font=&#8220;Dancing Script|on|||&#8220; saved_tabs=&#8220;all&#8220; auto_speed=&#8220;6000&#8243; module_id=&#8220;pagina-top-slider&#8220;] [et_pb_slide background_image=&#8220;http:\/\/la-petite-aubue.com\/wp-content\/uploads\/2015\/11\/omg3.jpg&#8220; background_position=&#8220;default&#8220; background_size=&#8220;default&#8220; background_color=&#8220;#ffffff&#8220; alignment=&#8220;center&#8220; background_layout=&#8220;dark&#8220; allow_player_pause=&#8220;off&#8220; admin_title=&#8220;Oude woning aanzicht&#8220; header_font_select=&#8220;default&#8220; body_font_select=&#8220;default&#8220; custom_button=&#8220;off&#8220; button_font_select=&#8220;default&#8220; button_use_icon=&#8220;default&#8220; button_icon_placement=&#8220;right&#8220; button_on_hover=&#8220;on&#8220; image=&#8220;http:\/\/la-petite-aubue.com\/wp-content\/uploads\/2015\/11\/omg3.jpg&#8220;] [\/et_pb_slide][et_pb_slide background_image=&#8220;http:\/\/la-petite-aubue.com\/wp-content\/uploads\/2016\/01\/bootje.jpg&#8220; background_position=&#8220;default&#8220; background_size=&#8220;default&#8220; background_color=&#8220;#ffffff&#8220; alignment=&#8220;center&#8220; background_layout=&#8220;dark&#8220; allow_player_pause=&#8220;off&#8220; admin_title=&#8220;Bootje rivier&#8220; header_font_select=&#8220;default&#8220; body_font_select=&#8220;default&#8220; custom_button=&#8220;off&#8220; button_font_select=&#8220;default&#8220; button_use_icon=&#8220;default&#8220; button_icon_placement=&#8220;right&#8220; button_on_hover=&#8220;on&#8220; image=&#8220;http:\/\/la-petite-aubue.com\/wp-content\/uploads\/2016\/01\/bootje.jpg&#8220;] [\/et_pb_slide][et_pb_slide background_image=&#8220;http:\/\/la-petite-aubue.com\/wp-content\/uploads\/2016\/01\/omgeving201206.jpg&#8220; background_position=&#8220;default&#8220; background_size=&#8220;default&#8220; background_color=&#8220;#ffffff&#8220; alignment=&#8220;center&#8220; background_layout=&#8220;dark&#8220; allow_player_pause=&#8220;off&#8220; admin_title=&#8220;Oude architectuur&#8220; header_font_select=&#8220;default&#8220; body_font_select=&#8220;default&#8220; custom_button=&#8220;off&#8220; button_font_select=&#8220;default&#8220; button_use_icon=&#8220;default&#8220; button_icon_placement=&#8220;right&#8220; button_on_hover=&#8220;on&#8220; image=&#8220;http:\/\/la-petite-aubue.com\/wp-content\/uploads\/2016\/01\/omgeving201206.jpg&#8220;] [\/et_pb_slide][et_pb_slide background_image=&#8220;http:\/\/la-petite-aubue.com\/wp-content\/uploads\/2015\/11\/omgeving201201.jpg&#8220; background_position=&#8220;default&#8220; background_size=&#8220;default&#8220; background_color=&#8220;#ffffff&#8220; alignment=&#8220;center&#8220; background_layout=&#8220;dark&#8220; allow_player_pause=&#8220;off&#8220; admin_title=&#8220;Tuin met prieel&#8220; header_font_select=&#8220;default&#8220; body_font_select=&#8220;default&#8220; custom_button=&#8220;off&#8220; button_font_select=&#8220;default&#8220; button_use_icon=&#8220;default&#8220; button_icon_placement=&#8220;right&#8220; button_on_hover=&#8220;on&#8220; image=&#8220;http:\/\/la-petite-aubue.com\/wp-content\/uploads\/2015\/11\/omgeving201201.jpg&#8220;] [\/et_pb_slide] [\/et_pb_fullwidth_slider][\/et_pb_section][et_pb_section admin_label=&#8220;section&#8220;][et_pb_row admin_label=&#8220;row&#8220;][et_pb_column type=&#8220;4_4&#8243;][et_pb_text admin_label=&#8220;Omgeving&#8220; background_layout=&#8220;light&#8220; text_orientation=&#8220;left&#8220; text_font_size=&#8220;45&#8243; use_border_color=&#8220;off&#8220; border_color=&#8220;#ffffff&#8220; border_style=&#8220;solid&#8220; custom_margin=&#8220;1em||1em|&#8220; saved_tabs=&#8220;all&#8220; text_font=&#8220;Dancing Script|on|||&#8220; text_text_color=&#8220;#dba029&#8243;]<\/p>\n<p>Die Umgebung<\/p>\n<p>[\/et_pb_text][et_pb_text admin_label=&#8220;Tekst omgeving&#8220; background_layout=&#8220;light&#8220; text_orientation=&#8220;left&#8220; use_border_color=&#8220;off&#8220; border_color=&#8220;#ffffff&#8220; border_style=&#8220;solid&#8220; custom_margin=&#8220;||2em|&#8220;]<\/p>\n<p>Das Poitou liegt im Departement Vienne (86) und geh\u00f6rt zur Region Poitou-Charentes mit Poitiers als Hauptstadt. Es gibt viele kleine D\u00f6rfer, Schl\u00f6sser und Manoirs sowie belebte r\u00f6mische St\u00e4dte. Die Landschaft besteht aus vielen Fl\u00fcssen, H\u00fcgeln, T\u00e4lern und W\u00e4ldern.<\/p>\n<p>Neben dem bekannten Aperitif von der Charente, dem Pineau, produziert man in Poitou einen ganz guten Landwein von der Cabernet-, Gamay- und Sauvignontraube. Ein Besuch bei einem der Weinbauern und die Caves de Poitou ist f\u00fcr Liebhaber sicher interessant.<\/p>\n<p>Trotz der N\u00e4he von St\u00e4dten, TGV und Autobahn kann man in dieser Gegend noch immer ein unangetastetes und altes Frankreich entdecken. Es lohnt sich daher sicherlich auch hier zu pausieren\u00a0 auf der Durchreise in den S\u00fcden.<\/p>\n<p>[\/et_pb_text][\/et_pb_column][\/et_pb_row][et_pb_row admin_label=&#8220;Rij&#8220; make_fullwidth=&#8220;off&#8220; use_custom_width=&#8220;off&#8220; width_unit=&#8220;on&#8220; use_custom_gutter=&#8220;off&#8220; gutter_width=&#8220;3&#8243; custom_padding=&#8220;||2em|&#8220; padding_mobile=&#8220;off&#8220; allow_player_pause=&#8220;off&#8220; parallax=&#8220;off&#8220; parallax_method=&#8220;off&#8220; make_equal=&#8220;off&#8220; parallax_1=&#8220;off&#8220; parallax_method_1=&#8220;off&#8220; column_padding_mobile=&#8220;on&#8220;][et_pb_column type=&#8220;4_4&#8243;][et_pb_gallery admin_label=&#8220;Galerij&#8220; saved_tabs=&#8220;all&#8220; gallery_ids=&#8220;454,182,171,168,170,73,207,180&#8243; gallery_orderby=&#8220;rand&#8220; fullwidth=&#8220;off&#8220; show_title_and_caption=&#8220;off&#8220; show_pagination=&#8220;on&#8220; background_layout=&#8220;light&#8220; auto=&#8220;off&#8220; hover_overlay_color=&#8220;rgba(255,255,255,0.9)&#8220; caption_font_size=&#8220;14&#8243; caption_all_caps=&#8220;off&#8220; title_font_size=&#8220;16&#8243; use_border_color=&#8220;off&#8220; border_color=&#8220;#ffffff&#8220; border_style=&#8220;solid&#8220;] [\/et_pb_gallery][\/et_pb_column][\/et_pb_row][\/et_pb_section]<\/p>\n","protected":false},"excerpt":{"rendered":"<p>Die Umgebung Das Poitou liegt im Departement Vienne (86) und geh\u00f6rt zur Region Poitou-Charentes mit Poitiers als Hauptstadt. Es gibt viele kleine D\u00f6rfer, Schl\u00f6sser und Manoirs sowie belebte r\u00f6mische St\u00e4dte. Die Landschaft besteht aus vielen Fl\u00fcssen, H\u00fcgeln, T\u00e4lern und W\u00e4ldern. Neben dem bekannten Aperitif von der Charente, dem Pineau, produziert man in Poitou einen ganz [&hellip;]<\/p>\n","protected":false},"author":1,"featured_media":0,"parent":0,"menu_order":0,"comment_status":"closed","ping_status":"closed","template":"","meta":{"_et_pb_use_builder":"on","_et_pb_old_content":"<p>[et_pb_section admin_label=\"Sectie\" fullwidth=\"on\" specialty=\"off\"][et_pb_fullwidth_slider admin_label=\"Volle breedte slider\" show_arrows=\"off\" show_pagination=\"off\" auto=\"on\" auto_ignore_hover=\"off\" parallax=\"off\" parallax_method=\"off\" remove_inner_shadow=\"off\" background_position=\"default\" background_size=\"default\" hide_content_on_mobile=\"off\" hide_cta_on_mobile=\"off\" show_image_video_mobile=\"off\" header_font_size=\"46\" body_font_size=\"16\" custom_button=\"off\" button_text_size=\"20\" button_border_width=\"2\" button_border_radius=\"3\" button_letter_spacing=\"0\" button_use_icon=\"default\" button_icon_placement=\"right\" button_on_hover=\"on\" button_border_radius_hover=\"3\" button_letter_spacing_hover=\"0\" header_font=\"Dancing Script|on|||\" saved_tabs=\"all\" auto_speed=\"6000\" module_id=\"pagina-top-slider\"] [et_pb_slide background_image=\"http:\/\/la-petite-aubue.com\/wp-content\/uploads\/2015\/11\/omg3.jpg\" background_position=\"default\" background_size=\"default\" background_color=\"#ffffff\" alignment=\"center\" background_layout=\"dark\" allow_player_pause=\"off\" admin_title=\"Oude woning aanzicht\" header_font_select=\"default\" body_font_select=\"default\" custom_button=\"off\" button_font_select=\"default\" button_use_icon=\"default\" button_icon_placement=\"right\" button_on_hover=\"on\" image=\"http:\/\/la-petite-aubue.com\/wp-content\/uploads\/2015\/11\/omg3.jpg\"] [\/et_pb_slide][et_pb_slide background_image=\"http:\/\/la-petite-aubue.com\/wp-content\/uploads\/2016\/01\/bootje.jpg\" background_position=\"default\" background_size=\"default\" background_color=\"#ffffff\" alignment=\"center\" background_layout=\"dark\" allow_player_pause=\"off\" admin_title=\"Bootje rivier\" header_font_select=\"default\" body_font_select=\"default\" custom_button=\"off\" button_font_select=\"default\" button_use_icon=\"default\" button_icon_placement=\"right\" button_on_hover=\"on\" image=\"http:\/\/la-petite-aubue.com\/wp-content\/uploads\/2016\/01\/bootje.jpg\"] [\/et_pb_slide][et_pb_slide background_image=\"http:\/\/la-petite-aubue.com\/wp-content\/uploads\/2016\/01\/omgeving201206.jpg\" background_position=\"default\" background_size=\"default\" background_color=\"#ffffff\" alignment=\"center\" background_layout=\"dark\" allow_player_pause=\"off\" admin_title=\"Oude architectuur\" header_font_select=\"default\" body_font_select=\"default\" custom_button=\"off\" button_font_select=\"default\" button_use_icon=\"default\" button_icon_placement=\"right\" button_on_hover=\"on\" image=\"http:\/\/la-petite-aubue.com\/wp-content\/uploads\/2016\/01\/omgeving201206.jpg\"] [\/et_pb_slide][et_pb_slide background_image=\"http:\/\/la-petite-aubue.com\/wp-content\/uploads\/2015\/11\/omgeving201201.jpg\" background_position=\"default\" background_size=\"default\" background_color=\"#ffffff\" alignment=\"center\" background_layout=\"dark\" allow_player_pause=\"off\" admin_title=\"Tuin met prieel\" header_font_select=\"default\" body_font_select=\"default\" custom_button=\"off\" button_font_select=\"default\" button_use_icon=\"default\" button_icon_placement=\"right\" button_on_hover=\"on\" image=\"http:\/\/la-petite-aubue.com\/wp-content\/uploads\/2015\/11\/omgeving201201.jpg\"] [\/et_pb_slide] [\/et_pb_fullwidth_slider][\/et_pb_section][et_pb_section admin_label=\"section\"][et_pb_row admin_label=\"row\"][et_pb_column type=\"4_4\"][et_pb_text admin_label=\"Omgeving\" background_layout=\"light\" text_orientation=\"left\" text_font_size=\"45\" use_border_color=\"off\" border_color=\"#ffffff\" border_style=\"solid\" custom_margin=\"1em||1em|\" saved_tabs=\"all\" text_font=\"Dancing Script|on|||\" text_text_color=\"#dba029\"]<\/p><p>Neighbourhood<\/p><p>[\/et_pb_text][et_pb_text admin_label=\"Tekst omgeving\" background_layout=\"light\" text_orientation=\"left\" use_border_color=\"off\" border_color=\"#ffffff\" border_style=\"solid\" custom_margin=\"||2em|\"]<\/p><p>The Poitou is a part of the department Vienne (86) in the region Poitou-Charentes with the old historic provincial capital of Poitiers. In this part of France the small villages, castles and manor houses are decorating the countryside of rivers, rolling hills, valleys and forests.<\/p><p>With the well known aperitif pineau de charentes the Poitou produces also a very tasteful local wine, le vin de Haut Poitou; a visit at the vineyards and the Cave cooperative at Neuville de Poitou will be an interesting and pleasant outing.<\/p><p>In spite of the nearness of cities, rail- and motorway this part of the mid-west of France is still surprisingly original and the charming old France itself. It\u2019s very much worth while visiting, also on your way south.<\/p><p>[\/et_pb_text][\/et_pb_column][\/et_pb_row][et_pb_row admin_label=\"Rij\" make_fullwidth=\"off\" use_custom_width=\"off\" width_unit=\"on\" use_custom_gutter=\"off\" gutter_width=\"3\" custom_padding=\"||2em|\" padding_mobile=\"off\" allow_player_pause=\"off\" parallax=\"off\" parallax_method=\"off\" make_equal=\"off\" parallax_1=\"off\" parallax_method_1=\"off\" column_padding_mobile=\"on\"][et_pb_column type=\"4_4\"][et_pb_gallery admin_label=\"Galerij\" saved_tabs=\"all\" gallery_ids=\"454,182,171,168,170,73,207,180\" gallery_orderby=\"rand\" fullwidth=\"off\" show_title_and_caption=\"off\" show_pagination=\"on\" background_layout=\"light\" auto=\"off\" hover_overlay_color=\"rgba(255,255,255,0.9)\" caption_font_size=\"14\" caption_all_caps=\"off\" title_font_size=\"16\" use_border_color=\"off\" border_color=\"#ffffff\" border_style=\"solid\"] [\/et_pb_gallery][\/et_pb_column][\/et_pb_row][\/et_pb_section]<\/p>","_et_gb_content_width":"","ngg_post_thumbnail":0,"footnotes":""},"class_list":["post-634","page","type-page","status-publish","hentry"],"yoast_head":"<!-- This site is optimized with the Yoast SEO plugin v27.0 - https:\/\/yoast.com\/product\/yoast-seo-wordpress\/ -->\n<title>Die Umgebung - La Petite Aubue<\/title>\n<meta name=\"robots\" content=\"index, follow, max-snippet:-1, max-image-preview:large, max-video-preview:-1\" \/>\n<link rel=\"canonical\" href=\"https:\/\/la-petite-aubue.com\/de\/die-umgebung\/\" \/>\n<meta property=\"og:locale\" content=\"de_DE\" \/>\n<meta property=\"og:type\" content=\"article\" \/>\n<meta property=\"og:title\" content=\"Die Umgebung - La Petite Aubue\" \/>\n<meta property=\"og:description\" content=\"Die Umgebung Das Poitou liegt im Departement Vienne (86) und geh\u00f6rt zur Region Poitou-Charentes mit Poitiers als Hauptstadt. Es gibt viele kleine D\u00f6rfer, Schl\u00f6sser und Manoirs sowie belebte r\u00f6mische St\u00e4dte. Die Landschaft besteht aus vielen Fl\u00fcssen, H\u00fcgeln, T\u00e4lern und W\u00e4ldern. Neben dem bekannten Aperitif von der Charente, dem Pineau, produziert man in Poitou einen ganz [&hellip;]\" \/>\n<meta property=\"og:url\" content=\"https:\/\/la-petite-aubue.com\/de\/die-umgebung\/\" \/>\n<meta property=\"og:site_name\" content=\"La Petite Aubue\" \/>\n<meta property=\"article:modified_time\" content=\"2017-01-23T20:28:38+00:00\" \/>\n<meta name=\"twitter:card\" content=\"summary_large_image\" \/>\n<meta name=\"twitter:label1\" content=\"Gesch\u00e4tzte Lesezeit\" \/>\n\t<meta name=\"twitter:data1\" content=\"4\u00a0Minuten\" \/>\n<script type=\"application\/ld+json\" class=\"yoast-schema-graph\">{\"@context\":\"https:\/\/schema.org\",\"@graph\":[{\"@type\":\"WebPage\",\"@id\":\"https:\/\/la-petite-aubue.com\/de\/die-umgebung\/\",\"url\":\"https:\/\/la-petite-aubue.com\/de\/die-umgebung\/\",\"name\":\"Die Umgebung - La Petite Aubue\",\"isPartOf\":{\"@id\":\"https:\/\/la-petite-aubue.com\/#website\"},\"datePublished\":\"2016-02-11T16:33:41+00:00\",\"dateModified\":\"2017-01-23T20:28:38+00:00\",\"breadcrumb\":{\"@id\":\"https:\/\/la-petite-aubue.com\/de\/die-umgebung\/#breadcrumb\"},\"inLanguage\":\"de\",\"potentialAction\":[{\"@type\":\"ReadAction\",\"target\":[\"https:\/\/la-petite-aubue.com\/de\/die-umgebung\/\"]}]},{\"@type\":\"BreadcrumbList\",\"@id\":\"https:\/\/la-petite-aubue.com\/de\/die-umgebung\/#breadcrumb\",\"itemListElement\":[{\"@type\":\"ListItem\",\"position\":1,\"name\":\"Home\",\"item\":\"https:\/\/la-petite-aubue.com\/de\/\"},{\"@type\":\"ListItem\",\"position\":2,\"name\":\"Die Umgebung\"}]},{\"@type\":\"WebSite\",\"@id\":\"https:\/\/la-petite-aubue.com\/#website\",\"url\":\"https:\/\/la-petite-aubue.com\/\",\"name\":\"La Petite Aubue\",\"description\":\"Vakantiewoning in het glooiende landschap van de Poitou\",\"publisher\":{\"@id\":\"https:\/\/la-petite-aubue.com\/#organization\"},\"potentialAction\":[{\"@type\":\"SearchAction\",\"target\":{\"@type\":\"EntryPoint\",\"urlTemplate\":\"https:\/\/la-petite-aubue.com\/?s={search_term_string}\"},\"query-input\":{\"@type\":\"PropertyValueSpecification\",\"valueRequired\":true,\"valueName\":\"search_term_string\"}}],\"inLanguage\":\"de\"},{\"@type\":\"Organization\",\"@id\":\"https:\/\/la-petite-aubue.com\/#organization\",\"name\":\"La Petite Aubue\",\"url\":\"https:\/\/la-petite-aubue.com\/\",\"logo\":{\"@type\":\"ImageObject\",\"inLanguage\":\"de\",\"@id\":\"https:\/\/la-petite-aubue.com\/#\/schema\/logo\/image\/\",\"url\":\"https:\/\/la-petite-aubue.com\/wp-content\/uploads\/2015\/11\/La-Petite-Aubue-logo.png\",\"contentUrl\":\"https:\/\/la-petite-aubue.com\/wp-content\/uploads\/2015\/11\/La-Petite-Aubue-logo.png\",\"width\":531,\"height\":82,\"caption\":\"La Petite Aubue\"},\"image\":{\"@id\":\"https:\/\/la-petite-aubue.com\/#\/schema\/logo\/image\/\"}}]}<\/script>\n<!-- \/ Yoast SEO plugin. -->","yoast_head_json":{"title":"Die Umgebung - La Petite Aubue","robots":{"index":"index","follow":"follow","max-snippet":"max-snippet:-1","max-image-preview":"max-image-preview:large","max-video-preview":"max-video-preview:-1"},"canonical":"https:\/\/la-petite-aubue.com\/de\/die-umgebung\/","og_locale":"de_DE","og_type":"article","og_title":"Die Umgebung - La Petite Aubue","og_description":"Die Umgebung Das Poitou liegt im Departement Vienne (86) und geh\u00f6rt zur Region Poitou-Charentes mit Poitiers als Hauptstadt. Es gibt viele kleine D\u00f6rfer, Schl\u00f6sser und Manoirs sowie belebte r\u00f6mische St\u00e4dte. Die Landschaft besteht aus vielen Fl\u00fcssen, H\u00fcgeln, T\u00e4lern und W\u00e4ldern. Neben dem bekannten Aperitif von der Charente, dem Pineau, produziert man in Poitou einen ganz [&hellip;]","og_url":"https:\/\/la-petite-aubue.com\/de\/die-umgebung\/","og_site_name":"La Petite Aubue","article_modified_time":"2017-01-23T20:28:38+00:00","twitter_card":"summary_large_image","twitter_misc":{"Gesch\u00e4tzte Lesezeit":"4\u00a0Minuten"},"schema":{"@context":"https:\/\/schema.org","@graph":[{"@type":"WebPage","@id":"https:\/\/la-petite-aubue.com\/de\/die-umgebung\/","url":"https:\/\/la-petite-aubue.com\/de\/die-umgebung\/","name":"Die Umgebung - La Petite Aubue","isPartOf":{"@id":"https:\/\/la-petite-aubue.com\/#website"},"datePublished":"2016-02-11T16:33:41+00:00","dateModified":"2017-01-23T20:28:38+00:00","breadcrumb":{"@id":"https:\/\/la-petite-aubue.com\/de\/die-umgebung\/#breadcrumb"},"inLanguage":"de","potentialAction":[{"@type":"ReadAction","target":["https:\/\/la-petite-aubue.com\/de\/die-umgebung\/"]}]},{"@type":"BreadcrumbList","@id":"https:\/\/la-petite-aubue.com\/de\/die-umgebung\/#breadcrumb","itemListElement":[{"@type":"ListItem","position":1,"name":"Home","item":"https:\/\/la-petite-aubue.com\/de\/"},{"@type":"ListItem","position":2,"name":"Die Umgebung"}]},{"@type":"WebSite","@id":"https:\/\/la-petite-aubue.com\/#website","url":"https:\/\/la-petite-aubue.com\/","name":"La Petite Aubue","description":"Vakantiewoning in het glooiende landschap van de Poitou","publisher":{"@id":"https:\/\/la-petite-aubue.com\/#organization"},"potentialAction":[{"@type":"SearchAction","target":{"@type":"EntryPoint","urlTemplate":"https:\/\/la-petite-aubue.com\/?s={search_term_string}"},"query-input":{"@type":"PropertyValueSpecification","valueRequired":true,"valueName":"search_term_string"}}],"inLanguage":"de"},{"@type":"Organization","@id":"https:\/\/la-petite-aubue.com\/#organization","name":"La Petite Aubue","url":"https:\/\/la-petite-aubue.com\/","logo":{"@type":"ImageObject","inLanguage":"de","@id":"https:\/\/la-petite-aubue.com\/#\/schema\/logo\/image\/","url":"https:\/\/la-petite-aubue.com\/wp-content\/uploads\/2015\/11\/La-Petite-Aubue-logo.png","contentUrl":"https:\/\/la-petite-aubue.com\/wp-content\/uploads\/2015\/11\/La-Petite-Aubue-logo.png","width":531,"height":82,"caption":"La Petite Aubue"},"image":{"@id":"https:\/\/la-petite-aubue.com\/#\/schema\/logo\/image\/"}}]}},"_links":{"self":[{"href":"https:\/\/la-petite-aubue.com\/de\/wp-json\/wp\/v2\/pages\/634","targetHints":{"allow":["GET"]}}],"collection":[{"href":"https:\/\/la-petite-aubue.com\/de\/wp-json\/wp\/v2\/pages"}],"about":[{"href":"https:\/\/la-petite-aubue.com\/de\/wp-json\/wp\/v2\/types\/page"}],"author":[{"embeddable":true,"href":"https:\/\/la-petite-aubue.com\/de\/wp-json\/wp\/v2\/users\/1"}],"replies":[{"embeddable":true,"href":"https:\/\/la-petite-aubue.com\/de\/wp-json\/wp\/v2\/comments?post=634"}],"version-history":[{"count":3,"href":"https:\/\/la-petite-aubue.com\/de\/wp-json\/wp\/v2\/pages\/634\/revisions"}],"predecessor-version":[{"id":1446,"href":"https:\/\/la-petite-aubue.com\/de\/wp-json\/wp\/v2\/pages\/634\/revisions\/1446"}],"wp:attachment":[{"href":"https:\/\/la-petite-aubue.com\/de\/wp-json\/wp\/v2\/media?parent=634"}],"curies":[{"name":"wp","href":"https:\/\/api.w.org\/{rel}","templated":true}]}}