{"id":632,"date":"2016-02-11T17:31:53","date_gmt":"2016-02-11T16:31:53","guid":{"rendered":"http:\/\/la-petite-aubue.com\/en\/?page_id=632"},"modified":"2017-01-23T21:30:09","modified_gmt":"2017-01-23T20:30:09","slug":"neighbourhood","status":"publish","type":"page","link":"https:\/\/la-petite-aubue.com\/en\/neighbourhood\/","title":{"rendered":"Neighbourhood"},"content":{"rendered":"<p>[et_pb_section admin_label=&#8221;Sectie&#8221; fullwidth=&#8221;on&#8221; specialty=&#8221;off&#8221;][et_pb_fullwidth_slider admin_label=&#8221;Volle breedte slider&#8221; show_arrows=&#8221;off&#8221; show_pagination=&#8221;off&#8221; auto=&#8221;on&#8221; auto_ignore_hover=&#8221;off&#8221; parallax=&#8221;off&#8221; parallax_method=&#8221;off&#8221; remove_inner_shadow=&#8221;off&#8221; background_position=&#8221;default&#8221; background_size=&#8221;default&#8221; hide_content_on_mobile=&#8221;off&#8221; hide_cta_on_mobile=&#8221;off&#8221; show_image_video_mobile=&#8221;off&#8221; header_font_size=&#8221;46&#8243; body_font_size=&#8221;16&#8243; custom_button=&#8221;off&#8221; button_text_size=&#8221;20&#8243; button_border_width=&#8221;2&#8243; button_border_radius=&#8221;3&#8243; button_letter_spacing=&#8221;0&#8243; button_use_icon=&#8221;default&#8221; button_icon_placement=&#8221;right&#8221; button_on_hover=&#8221;on&#8221; button_border_radius_hover=&#8221;3&#8243; button_letter_spacing_hover=&#8221;0&#8243; header_font=&#8221;Dancing Script|on|||&#8221; saved_tabs=&#8221;all&#8221; auto_speed=&#8221;6000&#8243; module_id=&#8221;pagina-top-slider&#8221;] [et_pb_slide background_image=&#8221;http:\/\/la-petite-aubue.com\/wp-content\/uploads\/2015\/11\/omg3.jpg&#8221; background_position=&#8221;default&#8221; background_size=&#8221;default&#8221; background_color=&#8221;#ffffff&#8221; alignment=&#8221;center&#8221; background_layout=&#8221;dark&#8221; allow_player_pause=&#8221;off&#8221; admin_title=&#8221;Oude woning aanzicht&#8221; header_font_select=&#8221;default&#8221; body_font_select=&#8221;default&#8221; custom_button=&#8221;off&#8221; button_font_select=&#8221;default&#8221; button_use_icon=&#8221;default&#8221; button_icon_placement=&#8221;right&#8221; button_on_hover=&#8221;on&#8221; image=&#8221;http:\/\/la-petite-aubue.com\/wp-content\/uploads\/2015\/11\/omg3.jpg&#8221;] [\/et_pb_slide][et_pb_slide background_image=&#8221;http:\/\/la-petite-aubue.com\/wp-content\/uploads\/2016\/01\/bootje.jpg&#8221; background_position=&#8221;default&#8221; background_size=&#8221;default&#8221; background_color=&#8221;#ffffff&#8221; alignment=&#8221;center&#8221; background_layout=&#8221;dark&#8221; allow_player_pause=&#8221;off&#8221; admin_title=&#8221;Bootje rivier&#8221; header_font_select=&#8221;default&#8221; body_font_select=&#8221;default&#8221; custom_button=&#8221;off&#8221; button_font_select=&#8221;default&#8221; button_use_icon=&#8221;default&#8221; button_icon_placement=&#8221;right&#8221; button_on_hover=&#8221;on&#8221; image=&#8221;http:\/\/la-petite-aubue.com\/wp-content\/uploads\/2016\/01\/bootje.jpg&#8221;] [\/et_pb_slide][et_pb_slide background_image=&#8221;http:\/\/la-petite-aubue.com\/wp-content\/uploads\/2016\/01\/omgeving201206.jpg&#8221; background_position=&#8221;default&#8221; background_size=&#8221;default&#8221; background_color=&#8221;#ffffff&#8221; alignment=&#8221;center&#8221; background_layout=&#8221;dark&#8221; allow_player_pause=&#8221;off&#8221; admin_title=&#8221;Oude architectuur&#8221; header_font_select=&#8221;default&#8221; body_font_select=&#8221;default&#8221; custom_button=&#8221;off&#8221; button_font_select=&#8221;default&#8221; button_use_icon=&#8221;default&#8221; button_icon_placement=&#8221;right&#8221; button_on_hover=&#8221;on&#8221; image=&#8221;http:\/\/la-petite-aubue.com\/wp-content\/uploads\/2016\/01\/omgeving201206.jpg&#8221;] [\/et_pb_slide][et_pb_slide background_image=&#8221;http:\/\/la-petite-aubue.com\/wp-content\/uploads\/2015\/11\/omgeving201201.jpg&#8221; background_position=&#8221;default&#8221; background_size=&#8221;default&#8221; background_color=&#8221;#ffffff&#8221; alignment=&#8221;center&#8221; background_layout=&#8221;dark&#8221; allow_player_pause=&#8221;off&#8221; admin_title=&#8221;Tuin met prieel&#8221; header_font_select=&#8221;default&#8221; body_font_select=&#8221;default&#8221; custom_button=&#8221;off&#8221; button_font_select=&#8221;default&#8221; button_use_icon=&#8221;default&#8221; button_icon_placement=&#8221;right&#8221; button_on_hover=&#8221;on&#8221; image=&#8221;http:\/\/la-petite-aubue.com\/wp-content\/uploads\/2015\/11\/omgeving201201.jpg&#8221;] [\/et_pb_slide] [\/et_pb_fullwidth_slider][\/et_pb_section][et_pb_section admin_label=&#8221;section&#8221;][et_pb_row admin_label=&#8221;row&#8221;][et_pb_column type=&#8221;4_4&#8243;][et_pb_text admin_label=&#8221;Omgeving&#8221; background_layout=&#8221;light&#8221; text_orientation=&#8221;left&#8221; text_font_size=&#8221;45&#8243; use_border_color=&#8221;off&#8221; border_color=&#8221;#ffffff&#8221; border_style=&#8221;solid&#8221; custom_margin=&#8221;1em||1em|&#8221; saved_tabs=&#8221;all&#8221; text_font=&#8221;Dancing Script|on|||&#8221; text_text_color=&#8221;#dba029&#8243;]<\/p>\n<p>Neighbourhood<\/p>\n<p>[\/et_pb_text][et_pb_text admin_label=&#8221;Tekst omgeving&#8221; background_layout=&#8221;light&#8221; text_orientation=&#8221;left&#8221; use_border_color=&#8221;off&#8221; border_color=&#8221;#ffffff&#8221; border_style=&#8221;solid&#8221; custom_margin=&#8221;||2em|&#8221;]<\/p>\n<p>The Poitou is a part of the department of Vienne (86) in the region of Poitou-Charentes with its old historic provincial capital of Poitiers. In this part of France the small villages, castles and manor houses\u00a0decorate the countryside of rivers, rolling hills, valleys and forests.<\/p>\n<p>With the well known aperitif pineau de charentes the Poitou produces also a very pleasant local wine, le vin de Haut Poitou; a visit to the vineyards and the Caves de Poitou will be an interesting and pleasant outing.<\/p>\n<p>In spite of the nearness of cities, rail- and motorway this part of the mid-west of France is still surprisingly traditional and the charming old France itself. It\u2019s very much worth while visiting, also on your way south.<\/p>\n<p>[\/et_pb_text][\/et_pb_column][\/et_pb_row][et_pb_row admin_label=&#8221;Rij&#8221; make_fullwidth=&#8221;off&#8221; use_custom_width=&#8221;off&#8221; width_unit=&#8221;on&#8221; use_custom_gutter=&#8221;off&#8221; gutter_width=&#8221;3&#8243; custom_padding=&#8221;||2em|&#8221; padding_mobile=&#8221;off&#8221; allow_player_pause=&#8221;off&#8221; parallax=&#8221;off&#8221; parallax_method=&#8221;off&#8221; make_equal=&#8221;off&#8221; parallax_1=&#8221;off&#8221; parallax_method_1=&#8221;off&#8221; column_padding_mobile=&#8221;on&#8221;][et_pb_column type=&#8221;4_4&#8243;][et_pb_gallery admin_label=&#8221;Galerij&#8221; saved_tabs=&#8221;all&#8221; gallery_ids=&#8221;454,182,171,168,170,73,207,180&#8243; gallery_orderby=&#8221;rand&#8221; fullwidth=&#8221;off&#8221; show_title_and_caption=&#8221;off&#8221; show_pagination=&#8221;on&#8221; background_layout=&#8221;light&#8221; auto=&#8221;off&#8221; hover_overlay_color=&#8221;rgba(255,255,255,0.9)&#8221; caption_font_size=&#8221;14&#8243; caption_all_caps=&#8221;off&#8221; title_font_size=&#8221;16&#8243; use_border_color=&#8221;off&#8221; border_color=&#8221;#ffffff&#8221; border_style=&#8221;solid&#8221;] [\/et_pb_gallery][\/et_pb_column][\/et_pb_row][\/et_pb_section]<\/p>\n","protected":false},"excerpt":{"rendered":"<p>Neighbourhood The Poitou is a part of the department of Vienne (86) in the region of Poitou-Charentes with its old historic provincial capital of Poitiers. In this part of France the small villages, castles and manor houses\u00a0decorate the countryside of rivers, rolling hills, valleys and forests. With the well known aperitif pineau de charentes the [&hellip;]<\/p>\n","protected":false},"author":1,"featured_media":0,"parent":0,"menu_order":0,"comment_status":"closed","ping_status":"closed","template":"","meta":{"_et_pb_use_builder":"on","_et_pb_old_content":"<p>[et_pb_section admin_label=\"Sectie\" fullwidth=\"on\" specialty=\"off\"][et_pb_fullwidth_slider admin_label=\"Volle breedte slider\" show_arrows=\"off\" show_pagination=\"off\" auto=\"on\" auto_ignore_hover=\"off\" parallax=\"off\" parallax_method=\"off\" remove_inner_shadow=\"off\" background_position=\"default\" background_size=\"default\" hide_content_on_mobile=\"off\" hide_cta_on_mobile=\"off\" show_image_video_mobile=\"off\" header_font_size=\"46\" body_font_size=\"16\" custom_button=\"off\" button_text_size=\"20\" button_border_width=\"2\" button_border_radius=\"3\" button_letter_spacing=\"0\" button_use_icon=\"default\" button_icon_placement=\"right\" button_on_hover=\"on\" button_border_radius_hover=\"3\" button_letter_spacing_hover=\"0\" header_font=\"Dancing Script|on|||\" saved_tabs=\"all\" auto_speed=\"6000\" module_id=\"pagina-top-slider\"] [et_pb_slide background_image=\"http:\/\/la-petite-aubue.com\/wp-content\/uploads\/2015\/11\/omg3.jpg\" background_position=\"default\" background_size=\"default\" background_color=\"#ffffff\" alignment=\"center\" background_layout=\"dark\" allow_player_pause=\"off\" admin_title=\"Oude woning aanzicht\" header_font_select=\"default\" body_font_select=\"default\" custom_button=\"off\" button_font_select=\"default\" button_use_icon=\"default\" button_icon_placement=\"right\" button_on_hover=\"on\" image=\"http:\/\/la-petite-aubue.com\/wp-content\/uploads\/2015\/11\/omg3.jpg\"] [\/et_pb_slide][et_pb_slide background_image=\"http:\/\/la-petite-aubue.com\/wp-content\/uploads\/2016\/01\/bootje.jpg\" background_position=\"default\" background_size=\"default\" background_color=\"#ffffff\" alignment=\"center\" background_layout=\"dark\" allow_player_pause=\"off\" admin_title=\"Bootje rivier\" header_font_select=\"default\" body_font_select=\"default\" custom_button=\"off\" button_font_select=\"default\" button_use_icon=\"default\" button_icon_placement=\"right\" button_on_hover=\"on\" image=\"http:\/\/la-petite-aubue.com\/wp-content\/uploads\/2016\/01\/bootje.jpg\"] [\/et_pb_slide][et_pb_slide background_image=\"http:\/\/la-petite-aubue.com\/wp-content\/uploads\/2016\/01\/omgeving201206.jpg\" background_position=\"default\" background_size=\"default\" background_color=\"#ffffff\" alignment=\"center\" background_layout=\"dark\" allow_player_pause=\"off\" admin_title=\"Oude architectuur\" header_font_select=\"default\" body_font_select=\"default\" custom_button=\"off\" button_font_select=\"default\" button_use_icon=\"default\" button_icon_placement=\"right\" button_on_hover=\"on\" image=\"http:\/\/la-petite-aubue.com\/wp-content\/uploads\/2016\/01\/omgeving201206.jpg\"] [\/et_pb_slide][et_pb_slide background_image=\"http:\/\/la-petite-aubue.com\/wp-content\/uploads\/2015\/11\/omgeving201201.jpg\" background_position=\"default\" background_size=\"default\" background_color=\"#ffffff\" alignment=\"center\" background_layout=\"dark\" allow_player_pause=\"off\" admin_title=\"Tuin met prieel\" header_font_select=\"default\" body_font_select=\"default\" custom_button=\"off\" button_font_select=\"default\" button_use_icon=\"default\" button_icon_placement=\"right\" button_on_hover=\"on\" image=\"http:\/\/la-petite-aubue.com\/wp-content\/uploads\/2015\/11\/omgeving201201.jpg\"] [\/et_pb_slide] [\/et_pb_fullwidth_slider][\/et_pb_section][et_pb_section admin_label=\"section\"][et_pb_row admin_label=\"row\"][et_pb_column type=\"4_4\"][et_pb_text admin_label=\"Omgeving\" background_layout=\"light\" text_orientation=\"left\" text_font_size=\"45\" use_border_color=\"off\" border_color=\"#ffffff\" border_style=\"solid\" custom_margin=\"1em||1em|\" saved_tabs=\"all\" text_font=\"Dancing Script|on|||\" text_text_color=\"#dba029\"]<\/p><p>Omgeving<\/p><p>[\/et_pb_text][et_pb_text admin_label=\"Tekst omgeving\" background_layout=\"light\" text_orientation=\"left\" text_font_size=\"14\" use_border_color=\"off\" border_color=\"#ffffff\" border_style=\"solid\" custom_margin=\"||2em|\"]<\/p><p>De Poitou ligt in het departement Vienne (86) en valt onder de regio Poitou-Charentes met het oude Poitiers als hoofdstad. De kleine dorpen, kastelen en manoirs en levendige stadjes met veel Art Roman versieren het landschap van rivieren, heuvels, valleien en bossen.<\/p><p>Naast het bekende aperitief van de Charentes, de Pineau, produceert de Poitou een heel smakelijke landwijn van de cabernet-, de gamay- en de sauvignondruif. Een bezoek aan \u00e9\u00e9n van de wijnboeren en de cave co\u00f6peratieve in Neuville de Poitou is voor liefhebbers zeker interessant.<\/p><p>Ondanks de nabijheid van steden, TGV en autoroute is dit nog een vrij ongerept en oud stukje Frankrijk dat zeer de moeite waard is om te ontdekken.<\/p><p>[\/et_pb_text][\/et_pb_column][\/et_pb_row][et_pb_row admin_label=\"Rij\" make_fullwidth=\"off\" use_custom_width=\"off\" width_unit=\"on\" use_custom_gutter=\"off\" gutter_width=\"3\" custom_padding=\"||2em|\" padding_mobile=\"off\" allow_player_pause=\"off\" parallax=\"off\" parallax_method=\"off\" make_equal=\"off\" parallax_1=\"off\" parallax_method_1=\"off\" column_padding_mobile=\"on\"][et_pb_column type=\"4_4\"][et_pb_gallery admin_label=\"Galerij\" saved_tabs=\"all\" gallery_ids=\"454,182,171,168,170,73,207,180\" gallery_orderby=\"rand\" fullwidth=\"off\" show_title_and_caption=\"off\" show_pagination=\"on\" background_layout=\"light\" auto=\"off\" hover_overlay_color=\"rgba(255,255,255,0.9)\" caption_font_size=\"14\" caption_all_caps=\"off\" title_font_size=\"16\" use_border_color=\"off\" border_color=\"#ffffff\" border_style=\"solid\"] [\/et_pb_gallery][\/et_pb_column][\/et_pb_row][\/et_pb_section]<\/p>","_et_gb_content_width":"","ngg_post_thumbnail":0,"footnotes":""},"class_list":["post-632","page","type-page","status-publish","hentry"],"yoast_head":"<!-- This site is optimized with the Yoast SEO plugin v27.0 - https:\/\/yoast.com\/product\/yoast-seo-wordpress\/ -->\n<title>Neighbourhood - La Petite Aubue<\/title>\n<meta name=\"robots\" content=\"index, follow, max-snippet:-1, max-image-preview:large, max-video-preview:-1\" \/>\n<link rel=\"canonical\" href=\"https:\/\/la-petite-aubue.com\/en\/neighbourhood\/\" \/>\n<meta property=\"og:locale\" content=\"en_US\" \/>\n<meta property=\"og:type\" content=\"article\" \/>\n<meta property=\"og:title\" content=\"Neighbourhood - La Petite Aubue\" \/>\n<meta property=\"og:description\" content=\"Neighbourhood The Poitou is a part of the department of Vienne (86) in the region of Poitou-Charentes with its old historic provincial capital of Poitiers. In this part of France the small villages, castles and manor houses\u00a0decorate the countryside of rivers, rolling hills, valleys and forests. With the well known aperitif pineau de charentes the [&hellip;]\" \/>\n<meta property=\"og:url\" content=\"https:\/\/la-petite-aubue.com\/en\/neighbourhood\/\" \/>\n<meta property=\"og:site_name\" content=\"La Petite Aubue\" \/>\n<meta property=\"article:modified_time\" content=\"2017-01-23T20:30:09+00:00\" \/>\n<meta name=\"twitter:card\" content=\"summary_large_image\" \/>\n<meta name=\"twitter:label1\" content=\"Est. reading time\" \/>\n\t<meta name=\"twitter:data1\" content=\"4 minutes\" \/>\n<script type=\"application\/ld+json\" class=\"yoast-schema-graph\">{\"@context\":\"https:\/\/schema.org\",\"@graph\":[{\"@type\":\"WebPage\",\"@id\":\"https:\/\/la-petite-aubue.com\/en\/neighbourhood\/\",\"url\":\"https:\/\/la-petite-aubue.com\/en\/neighbourhood\/\",\"name\":\"Neighbourhood - La Petite Aubue\",\"isPartOf\":{\"@id\":\"https:\/\/la-petite-aubue.com\/#website\"},\"datePublished\":\"2016-02-11T16:31:53+00:00\",\"dateModified\":\"2017-01-23T20:30:09+00:00\",\"breadcrumb\":{\"@id\":\"https:\/\/la-petite-aubue.com\/en\/neighbourhood\/#breadcrumb\"},\"inLanguage\":\"en-US\",\"potentialAction\":[{\"@type\":\"ReadAction\",\"target\":[\"https:\/\/la-petite-aubue.com\/en\/neighbourhood\/\"]}]},{\"@type\":\"BreadcrumbList\",\"@id\":\"https:\/\/la-petite-aubue.com\/en\/neighbourhood\/#breadcrumb\",\"itemListElement\":[{\"@type\":\"ListItem\",\"position\":1,\"name\":\"Home\",\"item\":\"https:\/\/la-petite-aubue.com\/en\/\"},{\"@type\":\"ListItem\",\"position\":2,\"name\":\"Neighbourhood\"}]},{\"@type\":\"WebSite\",\"@id\":\"https:\/\/la-petite-aubue.com\/#website\",\"url\":\"https:\/\/la-petite-aubue.com\/\",\"name\":\"La Petite Aubue\",\"description\":\"Vakantiewoning in het glooiende landschap van de Poitou\",\"publisher\":{\"@id\":\"https:\/\/la-petite-aubue.com\/#organization\"},\"potentialAction\":[{\"@type\":\"SearchAction\",\"target\":{\"@type\":\"EntryPoint\",\"urlTemplate\":\"https:\/\/la-petite-aubue.com\/?s={search_term_string}\"},\"query-input\":{\"@type\":\"PropertyValueSpecification\",\"valueRequired\":true,\"valueName\":\"search_term_string\"}}],\"inLanguage\":\"en-US\"},{\"@type\":\"Organization\",\"@id\":\"https:\/\/la-petite-aubue.com\/#organization\",\"name\":\"La Petite Aubue\",\"url\":\"https:\/\/la-petite-aubue.com\/\",\"logo\":{\"@type\":\"ImageObject\",\"inLanguage\":\"en-US\",\"@id\":\"https:\/\/la-petite-aubue.com\/#\/schema\/logo\/image\/\",\"url\":\"https:\/\/la-petite-aubue.com\/wp-content\/uploads\/2015\/11\/La-Petite-Aubue-logo.png\",\"contentUrl\":\"https:\/\/la-petite-aubue.com\/wp-content\/uploads\/2015\/11\/La-Petite-Aubue-logo.png\",\"width\":531,\"height\":82,\"caption\":\"La Petite Aubue\"},\"image\":{\"@id\":\"https:\/\/la-petite-aubue.com\/#\/schema\/logo\/image\/\"}}]}<\/script>\n<!-- \/ Yoast SEO plugin. -->","yoast_head_json":{"title":"Neighbourhood - La Petite Aubue","robots":{"index":"index","follow":"follow","max-snippet":"max-snippet:-1","max-image-preview":"max-image-preview:large","max-video-preview":"max-video-preview:-1"},"canonical":"https:\/\/la-petite-aubue.com\/en\/neighbourhood\/","og_locale":"en_US","og_type":"article","og_title":"Neighbourhood - La Petite Aubue","og_description":"Neighbourhood The Poitou is a part of the department of Vienne (86) in the region of Poitou-Charentes with its old historic provincial capital of Poitiers. In this part of France the small villages, castles and manor houses\u00a0decorate the countryside of rivers, rolling hills, valleys and forests. With the well known aperitif pineau de charentes the [&hellip;]","og_url":"https:\/\/la-petite-aubue.com\/en\/neighbourhood\/","og_site_name":"La Petite Aubue","article_modified_time":"2017-01-23T20:30:09+00:00","twitter_card":"summary_large_image","twitter_misc":{"Est. reading time":"4 minutes"},"schema":{"@context":"https:\/\/schema.org","@graph":[{"@type":"WebPage","@id":"https:\/\/la-petite-aubue.com\/en\/neighbourhood\/","url":"https:\/\/la-petite-aubue.com\/en\/neighbourhood\/","name":"Neighbourhood - La Petite Aubue","isPartOf":{"@id":"https:\/\/la-petite-aubue.com\/#website"},"datePublished":"2016-02-11T16:31:53+00:00","dateModified":"2017-01-23T20:30:09+00:00","breadcrumb":{"@id":"https:\/\/la-petite-aubue.com\/en\/neighbourhood\/#breadcrumb"},"inLanguage":"en-US","potentialAction":[{"@type":"ReadAction","target":["https:\/\/la-petite-aubue.com\/en\/neighbourhood\/"]}]},{"@type":"BreadcrumbList","@id":"https:\/\/la-petite-aubue.com\/en\/neighbourhood\/#breadcrumb","itemListElement":[{"@type":"ListItem","position":1,"name":"Home","item":"https:\/\/la-petite-aubue.com\/en\/"},{"@type":"ListItem","position":2,"name":"Neighbourhood"}]},{"@type":"WebSite","@id":"https:\/\/la-petite-aubue.com\/#website","url":"https:\/\/la-petite-aubue.com\/","name":"La Petite Aubue","description":"Vakantiewoning in het glooiende landschap van de Poitou","publisher":{"@id":"https:\/\/la-petite-aubue.com\/#organization"},"potentialAction":[{"@type":"SearchAction","target":{"@type":"EntryPoint","urlTemplate":"https:\/\/la-petite-aubue.com\/?s={search_term_string}"},"query-input":{"@type":"PropertyValueSpecification","valueRequired":true,"valueName":"search_term_string"}}],"inLanguage":"en-US"},{"@type":"Organization","@id":"https:\/\/la-petite-aubue.com\/#organization","name":"La Petite Aubue","url":"https:\/\/la-petite-aubue.com\/","logo":{"@type":"ImageObject","inLanguage":"en-US","@id":"https:\/\/la-petite-aubue.com\/#\/schema\/logo\/image\/","url":"https:\/\/la-petite-aubue.com\/wp-content\/uploads\/2015\/11\/La-Petite-Aubue-logo.png","contentUrl":"https:\/\/la-petite-aubue.com\/wp-content\/uploads\/2015\/11\/La-Petite-Aubue-logo.png","width":531,"height":82,"caption":"La Petite Aubue"},"image":{"@id":"https:\/\/la-petite-aubue.com\/#\/schema\/logo\/image\/"}}]}},"_links":{"self":[{"href":"https:\/\/la-petite-aubue.com\/en\/wp-json\/wp\/v2\/pages\/632","targetHints":{"allow":["GET"]}}],"collection":[{"href":"https:\/\/la-petite-aubue.com\/en\/wp-json\/wp\/v2\/pages"}],"about":[{"href":"https:\/\/la-petite-aubue.com\/en\/wp-json\/wp\/v2\/types\/page"}],"author":[{"embeddable":true,"href":"https:\/\/la-petite-aubue.com\/en\/wp-json\/wp\/v2\/users\/1"}],"replies":[{"embeddable":true,"href":"https:\/\/la-petite-aubue.com\/en\/wp-json\/wp\/v2\/comments?post=632"}],"version-history":[{"count":3,"href":"https:\/\/la-petite-aubue.com\/en\/wp-json\/wp\/v2\/pages\/632\/revisions"}],"predecessor-version":[{"id":1448,"href":"https:\/\/la-petite-aubue.com\/en\/wp-json\/wp\/v2\/pages\/632\/revisions\/1448"}],"wp:attachment":[{"href":"https:\/\/la-petite-aubue.com\/en\/wp-json\/wp\/v2\/media?parent=632"}],"curies":[{"name":"wp","href":"https:\/\/api.w.org\/{rel}","templated":true}]}}