{"id":544,"date":"2016-01-06T14:26:21","date_gmt":"2016-01-06T13:26:21","guid":{"rendered":"http:\/\/la-petite-aubue.com\/fr\/?page_id=544"},"modified":"2025-12-28T15:08:55","modified_gmt":"2025-12-28T14:08:55","slug":"activites","status":"publish","type":"page","link":"https:\/\/la-petite-aubue.com\/fr\/activites\/","title":{"rendered":"Activit\u00e9s"},"content":{"rendered":"<p>[et_pb_section fb_built=\u00a0\u00bb1&Prime; fullwidth=\u00a0\u00bbon\u00a0\u00bb admin_label=\u00a0\u00bbSectie\u00a0\u00bb _builder_version=\u00a0\u00bb4.16&Prime; global_colors_info=\u00a0\u00bb{}\u00a0\u00bb][et_pb_fullwidth_slider show_arrows=\u00a0\u00bboff\u00a0\u00bb show_pagination=\u00a0\u00bboff\u00a0\u00bb admin_label=\u00a0\u00bbVolle breedte slider\u00a0\u00bb _builder_version=\u00a0\u00bb4.16&Prime; custom_padding=\u00a0\u00bb|||\u00a0\u00bb custom_padding_tablet=\u00a0\u00bb|||\u00a0\u00bb custom_padding_phone=\u00a0\u00bb|||\u00a0\u00bb box_shadow_style=\u00a0\u00bbpreset6&Prime; box_shadow_blur=\u00a0\u00bb10px\u00a0\u00bb box_shadow_color=\u00a0\u00bbrgba(0,0,0,0.1)\u00a0\u00bb remove_inner_shadow=\u00a0\u00bboff\u00a0\u00bb hide_content_on_mobile=\u00a0\u00bboff\u00a0\u00bb hide_cta_on_mobile=\u00a0\u00bboff\u00a0\u00bb show_inner_shadow=\u00a0\u00bbon\u00a0\u00bb button_border_radius_hover=\u00a0\u00bb3&Prime; button_letter_spacing_hover=\u00a0\u00bb0&Prime; global_colors_info=\u00a0\u00bb{}\u00a0\u00bb button_text_size__hover_enabled=\u00a0\u00bboff\u00a0\u00bb button_one_text_size__hover_enabled=\u00a0\u00bboff\u00a0\u00bb button_two_text_size__hover_enabled=\u00a0\u00bboff\u00a0\u00bb button_text_color__hover_enabled=\u00a0\u00bboff\u00a0\u00bb button_one_text_color__hover_enabled=\u00a0\u00bboff\u00a0\u00bb button_two_text_color__hover_enabled=\u00a0\u00bboff\u00a0\u00bb button_border_width__hover_enabled=\u00a0\u00bboff\u00a0\u00bb button_one_border_width__hover_enabled=\u00a0\u00bboff\u00a0\u00bb button_two_border_width__hover_enabled=\u00a0\u00bboff\u00a0\u00bb button_border_color__hover_enabled=\u00a0\u00bboff\u00a0\u00bb button_one_border_color__hover_enabled=\u00a0\u00bboff\u00a0\u00bb button_two_border_color__hover_enabled=\u00a0\u00bboff\u00a0\u00bb button_border_radius__hover_enabled=\u00a0\u00bbon\u00a0\u00bb button_border_radius__hover=\u00a0\u00bb3&Prime; button_one_border_radius__hover_enabled=\u00a0\u00bboff\u00a0\u00bb button_two_border_radius__hover_enabled=\u00a0\u00bboff\u00a0\u00bb button_letter_spacing__hover_enabled=\u00a0\u00bbon\u00a0\u00bb button_letter_spacing__hover=\u00a0\u00bb0&Prime; button_one_letter_spacing__hover_enabled=\u00a0\u00bboff\u00a0\u00bb button_two_letter_spacing__hover_enabled=\u00a0\u00bboff\u00a0\u00bb button_bg_color__hover_enabled=\u00a0\u00bboff\u00a0\u00bb button_one_bg_color__hover_enabled=\u00a0\u00bboff\u00a0\u00bb button_two_bg_color__hover_enabled=\u00a0\u00bboff\u00a0\u00bb][et_pb_slide image=\u00a0\u00bbhttp:\/\/la-petite-aubue.com\/wp-content\/uploads\/2015\/11\/aktiviteit201201.jpg\u00a0\u00bb admin_title=\u00a0\u00bbGite\u00a0\u00bb _builder_version=\u00a0\u00bb4.16&Prime; background_color=\u00a0\u00bb#ffffff\u00a0\u00bb background_image=\u00a0\u00bbhttp:\/\/la-petite-aubue.com\/wp-content\/uploads\/2015\/11\/aktiviteit201201.jpg\u00a0\u00bb button_icon_placement=\u00a0\u00bbright\u00a0\u00bb button_on_hover=\u00a0\u00bbon\u00a0\u00bb global_colors_info=\u00a0\u00bb{}\u00a0\u00bb button_text_size__hover_enabled=\u00a0\u00bboff\u00a0\u00bb button_one_text_size__hover_enabled=\u00a0\u00bboff\u00a0\u00bb button_two_text_size__hover_enabled=\u00a0\u00bboff\u00a0\u00bb button_text_color__hover_enabled=\u00a0\u00bboff\u00a0\u00bb button_one_text_color__hover_enabled=\u00a0\u00bboff\u00a0\u00bb button_two_text_color__hover_enabled=\u00a0\u00bboff\u00a0\u00bb button_border_width__hover_enabled=\u00a0\u00bboff\u00a0\u00bb button_one_border_width__hover_enabled=\u00a0\u00bboff\u00a0\u00bb button_two_border_width__hover_enabled=\u00a0\u00bboff\u00a0\u00bb button_border_color__hover_enabled=\u00a0\u00bboff\u00a0\u00bb button_one_border_color__hover_enabled=\u00a0\u00bboff\u00a0\u00bb button_two_border_color__hover_enabled=\u00a0\u00bboff\u00a0\u00bb button_border_radius__hover_enabled=\u00a0\u00bboff\u00a0\u00bb button_one_border_radius__hover_enabled=\u00a0\u00bboff\u00a0\u00bb button_two_border_radius__hover_enabled=\u00a0\u00bboff\u00a0\u00bb button_letter_spacing__hover_enabled=\u00a0\u00bboff\u00a0\u00bb button_one_letter_spacing__hover_enabled=\u00a0\u00bboff\u00a0\u00bb button_two_letter_spacing__hover_enabled=\u00a0\u00bboff\u00a0\u00bb button_bg_color__hover_enabled=\u00a0\u00bboff\u00a0\u00bb button_one_bg_color__hover_enabled=\u00a0\u00bboff\u00a0\u00bb button_two_bg_color__hover_enabled=\u00a0\u00bboff\u00a0\u00bb sticky_transition=\u00a0\u00bbon\u00a0\u00bb] [\/et_pb_slide][\/et_pb_fullwidth_slider][\/et_pb_section][et_pb_section fb_built=\u00a0\u00bb1&Prime; admin_label=\u00a0\u00bbsection\u00a0\u00bb _builder_version=\u00a0\u00bb4.16&Prime; global_colors_info=\u00a0\u00bb{}\u00a0\u00bb][et_pb_row admin_label=\u00a0\u00bbrow\u00a0\u00bb _builder_version=\u00a0\u00bb4.16&Prime; background_size=\u00a0\u00bbinitial\u00a0\u00bb background_position=\u00a0\u00bbtop_left\u00a0\u00bb background_repeat=\u00a0\u00bbrepeat\u00a0\u00bb global_colors_info=\u00a0\u00bb{}\u00a0\u00bb][et_pb_column type=\u00a0\u00bb4_4&Prime; _builder_version=\u00a0\u00bb4.16&Prime; custom_padding=\u00a0\u00bb|||\u00a0\u00bb global_colors_info=\u00a0\u00bb{}\u00a0\u00bb custom_padding__hover=\u00a0\u00bb|||\u00a0\u00bb][et_pb_text admin_label=\u00a0\u00bbActivit\u00e9s\u00a0\u00bb _builder_version=\u00a0\u00bb4.16&Prime; text_font=\u00a0\u00bbDancing Script|on|||\u00a0\u00bb text_text_color=\u00a0\u00bb#dba029&Prime; text_font_size=\u00a0\u00bb45&Prime; background_size=\u00a0\u00bbinitial\u00a0\u00bb background_position=\u00a0\u00bbtop_left\u00a0\u00bb background_repeat=\u00a0\u00bbrepeat\u00a0\u00bb custom_margin=\u00a0\u00bb1em||1em|\u00a0\u00bb use_border_color=\u00a0\u00bboff\u00a0\u00bb border_color=\u00a0\u00bb#ffffff\u00a0\u00bb border_style=\u00a0\u00bbsolid\u00a0\u00bb saved_tabs=\u00a0\u00bball\u00a0\u00bb global_colors_info=\u00a0\u00bb{}\u00a0\u00bb]Activit\u00e9s[\/et_pb_text][et_pb_text admin_label=\u00a0\u00bbTekst Activit\u00e9s\u00a0\u00bb _builder_version=\u00a0\u00bb4.27.5&Prime; background_size=\u00a0\u00bbinitial\u00a0\u00bb background_position=\u00a0\u00bbtop_left\u00a0\u00bb background_repeat=\u00a0\u00bbrepeat\u00a0\u00bb custom_margin=\u00a0\u00bb||2em|\u00a0\u00bb hover_enabled=\u00a0\u00bb0&Prime; use_border_color=\u00a0\u00bboff\u00a0\u00bb border_color=\u00a0\u00bb#ffffff\u00a0\u00bb border_style=\u00a0\u00bbsolid\u00a0\u00bb global_colors_info=\u00a0\u00bb{}\u00a0\u00bb sticky_enabled=\u00a0\u00bb0&Prime;]<\/p>\n<p>La r\u00e9gion a beaucoup de choses \u00e0 vous offrir, mais avant tout le calme et la nature, la culture, le sport, la bonne cuisine et le bon vin et un climat tr\u00e8s agr\u00e9able, \u201cLa Vie en Vert\u201d.\u2028Nous vous recommandons fortement la visite de la R\u00e9serve du Pinail, La Bataille, La Vienne \u00e0 v\u00e9lo, les nombreuses \u00e9glises romanes, les abbayes et ch\u00e2teaux, les concerts et festivals musicaux, les brocantes et march\u00e9s avec les produits du terroir et les vignobles du Haut Poitou.<\/p>\n<p><b>Les activit\u00e9s et les curiosit\u00e9s<\/b><\/p>\n<ul>\n<li>Randonn\u00e9es, plusieurs circuits \u00e0 partir de la propri\u00e9t\u00e9 de La Petite Aubue<\/li>\n<li>Route de p\u00e8lerinage vers Saint-Jacques-de-Compostelle, \u00e0 0,5 km<\/li>\n<li><a href=\"https:\/\/poitou-charentes.lpo.fr\/la-reserve-ornithologique-de-saint-cyr\/\">La r\u00e9serve de Saint-Cyr (LPO Poitou-Charentes), \u00e0 4 km<\/a><\/li>\n<li><a href=\"http:\/\/www.reserve-pinail.org\" target=\"_blank\" rel=\"noopener\">Reserve Naturelle du Pinail, flore et faune uniques <\/a><\/li>\n<li><a href=\"http:\/\/www.golfduhautpoitou.com\" target=\"_blank\" rel=\"noopener\">Golf au Golf du Haut Poitou 18 + 9 trous, \u00e0 3 km <\/a><\/li>\n<li><a href=\"http:\/\/www.lacdesaintcyr.com\" target=\"_blank\" rel=\"noopener\">Baignade et plage au parc de loisirs du Lac Saint Cyr, \u00e0 4 km <\/a><\/li>\n<li><a href=\"http:\/\/www.mouliere.com\" target=\"_blank\" rel=\"noopener\">Sport \u00e9questre \u00e0 la For\u00eat de Mouli\u00e8re, \u00e0 15 km <\/a><\/li>\n<li><a href=\"http:\/\/www.lafourmycanoekayak.com\" target=\"_blank\" rel=\"noopener\">Cano\u00eb et kayak sur la Vienne et le Clain, \u00e0 4 km <\/a><\/li>\n<li><a href=\"http:\/\/www.cenon-sur-vienne.fr\" target=\"_blank\" rel=\"noopener\">Miniport Cenon sur Vienne, bateaux \u00e9lectriques <\/a><\/li>\n<li><a href=\"http:\/\/www.peche86.fr\" target=\"_blank\" rel=\"noopener\">La p\u00eache dans les rivi\u00e8res, lacs et \u00e9tangs <\/a><\/li>\n<li><a href=\"http:\/\/www.futuroscope.com\" target=\"_blank\" rel=\"noopener\">Le Parc du Futuroscope, les spectacles cin\u00e9mascope, \u00e0 15 km <\/a><\/li>\n<li><a href=\"http:\/\/www.abbaye-saint-savin.fr\" target=\"_blank\" rel=\"noopener\">L\u2019Abbaye de Saint Savin, class\u00e9 par L\u2019UNESCO, \u00e0 42 km <\/a><\/li>\n<li><a href=\"http:\/\/www.chauvigny.fr\" target=\"_blank\" rel=\"noopener\">Chauvigny, la ville des cinq ch\u00e2teaux et ses aigles, \u00e0 23 km <\/a><\/li>\n<li><a href=\"http:\/\/www.ot-poitiers.fr\" target=\"_blank\" rel=\"noopener\">Poitiers, cit\u00e9 historique et universitaire, \u00e0 30 km <\/a><\/li>\n<li><a href=\"http:\/\/www.anglessuranglin.com\" target=\"_blank\" rel=\"noopener\">Angles sur Anglin, un des plus beaux villages de France, \u00e0 32 km <\/a><\/li>\n<li>Les villages avec les restaurants, les terrasses, les brocantes, les produits du terroir<\/li>\n<li>Shopping \u00e0 Ch\u00e2tellerault, Poitiers ou Tours (90 km)<\/li>\n<\/ul>\n<p><b>Et un peu plus loin:<br \/><\/b><\/p>\n<ul>\n<li>Ch\u00e2teaux de La Loire (Chenonceaux 95 km), Saumur 85 km, Tours 90 km, Ch\u00e2teauroux 115 km\u2028 et Limoges 125 km<\/li>\n<li>Par l\u2019A10 vous \u00eates \u00e0 2 heures de la Rochelle, de l&rsquo;Ile de R\u00e9 et de la c\u00f4te atlantique.<\/li>\n<\/ul>\n<p><b>Pour plus d\u2019info:<\/b><\/p>\n<p><a href=\"http:\/\/www.tourisme-vienne.com\/\" target=\"_blank\" rel=\"noopener\">www.tourisme-vienne.com<\/a><br \/><a href=\"http:\/\/www.tourisme-chatellerault.fr\" target=\"_blank\" rel=\"noopener\">www.tourisme-chatellerault.fr<\/a><br \/><a href=\"http:\/\/www.routehistorique86.com\" target=\"_blank\" rel=\"noopener\">www.routehistorique86.com<\/a><br \/><a href=\"http:\/\/www.vouneuil-sur-vienne.fr\/\" target=\"_blank\" rel=\"noopener\">www.vouneuil-sur-vienne.fr<\/a><\/p>\n<p>[\/et_pb_text][\/et_pb_column][\/et_pb_row][et_pb_row padding_mobile=\u00a0\u00bboff\u00a0\u00bb column_padding_mobile=\u00a0\u00bbon\u00a0\u00bb admin_label=\u00a0\u00bbRij\u00a0\u00bb _builder_version=\u00a0\u00bb4.16&Prime; background_size=\u00a0\u00bbinitial\u00a0\u00bb background_position=\u00a0\u00bbtop_left\u00a0\u00bb background_repeat=\u00a0\u00bbrepeat\u00a0\u00bb custom_padding=\u00a0\u00bb||2em|\u00a0\u00bb make_fullwidth=\u00a0\u00bboff\u00a0\u00bb use_custom_width=\u00a0\u00bboff\u00a0\u00bb width_unit=\u00a0\u00bbon\u00a0\u00bb global_colors_info=\u00a0\u00bb{}\u00a0\u00bb][et_pb_column type=\u00a0\u00bb4_4&Prime; _builder_version=\u00a0\u00bb4.16&Prime; custom_padding=\u00a0\u00bb|||\u00a0\u00bb global_colors_info=\u00a0\u00bb{}\u00a0\u00bb custom_padding__hover=\u00a0\u00bb|||\u00a0\u00bb][et_pb_gallery gallery_ids=\u00a0\u00bb2261,207,171,170,159,182,168,2262&Prime; show_title_and_caption=\u00a0\u00bboff\u00a0\u00bb show_pagination=\u00a0\u00bboff\u00a0\u00bb admin_label=\u00a0\u00bbGalerij\u00a0\u00bb _builder_version=\u00a0\u00bb4.16&Prime; use_border_color=\u00a0\u00bboff\u00a0\u00bb border_color=\u00a0\u00bb#ffffff\u00a0\u00bb border_style=\u00a0\u00bbsolid\u00a0\u00bb saved_tabs=\u00a0\u00bball\u00a0\u00bb global_colors_info=\u00a0\u00bb{}\u00a0\u00bb][\/et_pb_gallery][\/et_pb_column][\/et_pb_row][\/et_pb_section]<\/p>\n","protected":false},"excerpt":{"rendered":"<p>Activit\u00e9sLa r\u00e9gion a beaucoup de choses \u00e0 vous offrir, mais avant tout le calme et la nature, la culture, le sport, la bonne cuisine et le bon vin et un climat tr\u00e8s agr\u00e9able, \u201cLa Vie en Vert\u201d.\u2028Nous vous recommandons fortement la visite de la R\u00e9serve du Pinail, La Bataille, La Vienne \u00e0 v\u00e9lo, les nombreuses [&hellip;]<\/p>\n","protected":false},"author":1,"featured_media":0,"parent":0,"menu_order":0,"comment_status":"closed","ping_status":"closed","template":"","meta":{"_et_pb_use_builder":"on","_et_pb_old_content":"","_et_gb_content_width":"","ngg_post_thumbnail":0,"footnotes":""},"class_list":["post-544","page","type-page","status-publish","hentry"],"yoast_head":"<!-- This site is optimized with the Yoast SEO plugin v27.0 - https:\/\/yoast.com\/product\/yoast-seo-wordpress\/ -->\n<title>Activit\u00e9s - La Petite Aubue<\/title>\n<meta name=\"robots\" content=\"index, follow, max-snippet:-1, max-image-preview:large, max-video-preview:-1\" \/>\n<link rel=\"canonical\" href=\"https:\/\/la-petite-aubue.com\/fr\/activites\/\" \/>\n<meta property=\"og:locale\" content=\"fr_FR\" \/>\n<meta property=\"og:type\" content=\"article\" \/>\n<meta property=\"og:title\" content=\"Activit\u00e9s - La Petite Aubue\" \/>\n<meta property=\"og:description\" content=\"Activit\u00e9sLa r\u00e9gion a beaucoup de choses \u00e0 vous offrir, mais avant tout le calme et la nature, la culture, le sport, la bonne cuisine et le bon vin et un climat tr\u00e8s agr\u00e9able, \u201cLa Vie en Vert\u201d.\u2028Nous vous recommandons fortement la visite de la R\u00e9serve du Pinail, La Bataille, La Vienne \u00e0 v\u00e9lo, les nombreuses [&hellip;]\" \/>\n<meta property=\"og:url\" content=\"https:\/\/la-petite-aubue.com\/fr\/activites\/\" \/>\n<meta property=\"og:site_name\" content=\"La Petite Aubue\" \/>\n<meta property=\"article:modified_time\" content=\"2025-12-28T14:08:55+00:00\" \/>\n<meta name=\"twitter:card\" content=\"summary_large_image\" \/>\n<meta name=\"twitter:label1\" content=\"Dur\u00e9e de lecture estim\u00e9e\" \/>\n\t<meta name=\"twitter:data1\" content=\"3 minutes\" \/>\n<script type=\"application\/ld+json\" class=\"yoast-schema-graph\">{\"@context\":\"https:\/\/schema.org\",\"@graph\":[{\"@type\":\"WebPage\",\"@id\":\"https:\/\/la-petite-aubue.com\/fr\/activites\/\",\"url\":\"https:\/\/la-petite-aubue.com\/fr\/activites\/\",\"name\":\"Activit\u00e9s - La Petite Aubue\",\"isPartOf\":{\"@id\":\"https:\/\/la-petite-aubue.com\/#website\"},\"datePublished\":\"2016-01-06T13:26:21+00:00\",\"dateModified\":\"2025-12-28T14:08:55+00:00\",\"breadcrumb\":{\"@id\":\"https:\/\/la-petite-aubue.com\/fr\/activites\/#breadcrumb\"},\"inLanguage\":\"fr-FR\",\"potentialAction\":[{\"@type\":\"ReadAction\",\"target\":[\"https:\/\/la-petite-aubue.com\/fr\/activites\/\"]}]},{\"@type\":\"BreadcrumbList\",\"@id\":\"https:\/\/la-petite-aubue.com\/fr\/activites\/#breadcrumb\",\"itemListElement\":[{\"@type\":\"ListItem\",\"position\":1,\"name\":\"Home\",\"item\":\"https:\/\/la-petite-aubue.com\/fr\/\"},{\"@type\":\"ListItem\",\"position\":2,\"name\":\"Activit\u00e9s\"}]},{\"@type\":\"WebSite\",\"@id\":\"https:\/\/la-petite-aubue.com\/#website\",\"url\":\"https:\/\/la-petite-aubue.com\/\",\"name\":\"La Petite Aubue\",\"description\":\"Vakantiewoning in het glooiende landschap van de Poitou\",\"publisher\":{\"@id\":\"https:\/\/la-petite-aubue.com\/#organization\"},\"potentialAction\":[{\"@type\":\"SearchAction\",\"target\":{\"@type\":\"EntryPoint\",\"urlTemplate\":\"https:\/\/la-petite-aubue.com\/?s={search_term_string}\"},\"query-input\":{\"@type\":\"PropertyValueSpecification\",\"valueRequired\":true,\"valueName\":\"search_term_string\"}}],\"inLanguage\":\"fr-FR\"},{\"@type\":\"Organization\",\"@id\":\"https:\/\/la-petite-aubue.com\/#organization\",\"name\":\"La Petite Aubue\",\"url\":\"https:\/\/la-petite-aubue.com\/\",\"logo\":{\"@type\":\"ImageObject\",\"inLanguage\":\"fr-FR\",\"@id\":\"https:\/\/la-petite-aubue.com\/#\/schema\/logo\/image\/\",\"url\":\"https:\/\/la-petite-aubue.com\/wp-content\/uploads\/2015\/11\/La-Petite-Aubue-logo.png\",\"contentUrl\":\"https:\/\/la-petite-aubue.com\/wp-content\/uploads\/2015\/11\/La-Petite-Aubue-logo.png\",\"width\":531,\"height\":82,\"caption\":\"La Petite Aubue\"},\"image\":{\"@id\":\"https:\/\/la-petite-aubue.com\/#\/schema\/logo\/image\/\"}}]}<\/script>\n<!-- \/ Yoast SEO plugin. -->","yoast_head_json":{"title":"Activit\u00e9s - La Petite Aubue","robots":{"index":"index","follow":"follow","max-snippet":"max-snippet:-1","max-image-preview":"max-image-preview:large","max-video-preview":"max-video-preview:-1"},"canonical":"https:\/\/la-petite-aubue.com\/fr\/activites\/","og_locale":"fr_FR","og_type":"article","og_title":"Activit\u00e9s - La Petite Aubue","og_description":"Activit\u00e9sLa r\u00e9gion a beaucoup de choses \u00e0 vous offrir, mais avant tout le calme et la nature, la culture, le sport, la bonne cuisine et le bon vin et un climat tr\u00e8s agr\u00e9able, \u201cLa Vie en Vert\u201d.\u2028Nous vous recommandons fortement la visite de la R\u00e9serve du Pinail, La Bataille, La Vienne \u00e0 v\u00e9lo, les nombreuses [&hellip;]","og_url":"https:\/\/la-petite-aubue.com\/fr\/activites\/","og_site_name":"La Petite Aubue","article_modified_time":"2025-12-28T14:08:55+00:00","twitter_card":"summary_large_image","twitter_misc":{"Dur\u00e9e de lecture estim\u00e9e":"3 minutes"},"schema":{"@context":"https:\/\/schema.org","@graph":[{"@type":"WebPage","@id":"https:\/\/la-petite-aubue.com\/fr\/activites\/","url":"https:\/\/la-petite-aubue.com\/fr\/activites\/","name":"Activit\u00e9s - La Petite Aubue","isPartOf":{"@id":"https:\/\/la-petite-aubue.com\/#website"},"datePublished":"2016-01-06T13:26:21+00:00","dateModified":"2025-12-28T14:08:55+00:00","breadcrumb":{"@id":"https:\/\/la-petite-aubue.com\/fr\/activites\/#breadcrumb"},"inLanguage":"fr-FR","potentialAction":[{"@type":"ReadAction","target":["https:\/\/la-petite-aubue.com\/fr\/activites\/"]}]},{"@type":"BreadcrumbList","@id":"https:\/\/la-petite-aubue.com\/fr\/activites\/#breadcrumb","itemListElement":[{"@type":"ListItem","position":1,"name":"Home","item":"https:\/\/la-petite-aubue.com\/fr\/"},{"@type":"ListItem","position":2,"name":"Activit\u00e9s"}]},{"@type":"WebSite","@id":"https:\/\/la-petite-aubue.com\/#website","url":"https:\/\/la-petite-aubue.com\/","name":"La Petite Aubue","description":"Vakantiewoning in het glooiende landschap van de Poitou","publisher":{"@id":"https:\/\/la-petite-aubue.com\/#organization"},"potentialAction":[{"@type":"SearchAction","target":{"@type":"EntryPoint","urlTemplate":"https:\/\/la-petite-aubue.com\/?s={search_term_string}"},"query-input":{"@type":"PropertyValueSpecification","valueRequired":true,"valueName":"search_term_string"}}],"inLanguage":"fr-FR"},{"@type":"Organization","@id":"https:\/\/la-petite-aubue.com\/#organization","name":"La Petite Aubue","url":"https:\/\/la-petite-aubue.com\/","logo":{"@type":"ImageObject","inLanguage":"fr-FR","@id":"https:\/\/la-petite-aubue.com\/#\/schema\/logo\/image\/","url":"https:\/\/la-petite-aubue.com\/wp-content\/uploads\/2015\/11\/La-Petite-Aubue-logo.png","contentUrl":"https:\/\/la-petite-aubue.com\/wp-content\/uploads\/2015\/11\/La-Petite-Aubue-logo.png","width":531,"height":82,"caption":"La Petite Aubue"},"image":{"@id":"https:\/\/la-petite-aubue.com\/#\/schema\/logo\/image\/"}}]}},"_links":{"self":[{"href":"https:\/\/la-petite-aubue.com\/fr\/wp-json\/wp\/v2\/pages\/544","targetHints":{"allow":["GET"]}}],"collection":[{"href":"https:\/\/la-petite-aubue.com\/fr\/wp-json\/wp\/v2\/pages"}],"about":[{"href":"https:\/\/la-petite-aubue.com\/fr\/wp-json\/wp\/v2\/types\/page"}],"author":[{"embeddable":true,"href":"https:\/\/la-petite-aubue.com\/fr\/wp-json\/wp\/v2\/users\/1"}],"replies":[{"embeddable":true,"href":"https:\/\/la-petite-aubue.com\/fr\/wp-json\/wp\/v2\/comments?post=544"}],"version-history":[{"count":11,"href":"https:\/\/la-petite-aubue.com\/fr\/wp-json\/wp\/v2\/pages\/544\/revisions"}],"predecessor-version":[{"id":2264,"href":"https:\/\/la-petite-aubue.com\/fr\/wp-json\/wp\/v2\/pages\/544\/revisions\/2264"}],"wp:attachment":[{"href":"https:\/\/la-petite-aubue.com\/fr\/wp-json\/wp\/v2\/media?parent=544"}],"curies":[{"name":"wp","href":"https:\/\/api.w.org\/{rel}","templated":true}]}}