{"id":636,"date":"2016-02-11T17:36:11","date_gmt":"2016-02-11T16:36:11","guid":{"rendered":"http:\/\/la-petite-aubue.com\/fr\/?page_id=636"},"modified":"2017-01-23T21:29:22","modified_gmt":"2017-01-23T20:29:22","slug":"les-environs","status":"publish","type":"page","link":"https:\/\/la-petite-aubue.com\/fr\/les-environs\/","title":{"rendered":"Les environs"},"content":{"rendered":"<p>[et_pb_section admin_label=\u00a0\u00bbSectie\u00a0\u00bb fullwidth=\u00a0\u00bbon\u00a0\u00bb specialty=\u00a0\u00bboff\u00a0\u00bb][et_pb_fullwidth_slider admin_label=\u00a0\u00bbVolle breedte slider\u00a0\u00bb show_arrows=\u00a0\u00bboff\u00a0\u00bb show_pagination=\u00a0\u00bboff\u00a0\u00bb auto=\u00a0\u00bbon\u00a0\u00bb auto_ignore_hover=\u00a0\u00bboff\u00a0\u00bb parallax=\u00a0\u00bboff\u00a0\u00bb parallax_method=\u00a0\u00bboff\u00a0\u00bb remove_inner_shadow=\u00a0\u00bboff\u00a0\u00bb background_position=\u00a0\u00bbdefault\u00a0\u00bb background_size=\u00a0\u00bbdefault\u00a0\u00bb hide_content_on_mobile=\u00a0\u00bboff\u00a0\u00bb hide_cta_on_mobile=\u00a0\u00bboff\u00a0\u00bb show_image_video_mobile=\u00a0\u00bboff\u00a0\u00bb header_font_size=\u00a0\u00bb46&Prime; body_font_size=\u00a0\u00bb16&Prime; custom_button=\u00a0\u00bboff\u00a0\u00bb button_text_size=\u00a0\u00bb20&Prime; button_border_width=\u00a0\u00bb2&Prime; button_border_radius=\u00a0\u00bb3&Prime; button_letter_spacing=\u00a0\u00bb0&Prime; button_use_icon=\u00a0\u00bbdefault\u00a0\u00bb button_icon_placement=\u00a0\u00bbright\u00a0\u00bb button_on_hover=\u00a0\u00bbon\u00a0\u00bb button_border_radius_hover=\u00a0\u00bb3&Prime; button_letter_spacing_hover=\u00a0\u00bb0&Prime; header_font=\u00a0\u00bbDancing Script|on|||\u00a0\u00bb saved_tabs=\u00a0\u00bball\u00a0\u00bb auto_speed=\u00a0\u00bb6000&Prime; module_id=\u00a0\u00bbpagina-top-slider\u00a0\u00bb] [et_pb_slide background_image=\u00a0\u00bbhttp:\/\/la-petite-aubue.com\/wp-content\/uploads\/2015\/11\/omg3.jpg\u00a0\u00bb background_position=\u00a0\u00bbdefault\u00a0\u00bb background_size=\u00a0\u00bbdefault\u00a0\u00bb background_color=\u00a0\u00bb#ffffff\u00a0\u00bb alignment=\u00a0\u00bbcenter\u00a0\u00bb background_layout=\u00a0\u00bbdark\u00a0\u00bb allow_player_pause=\u00a0\u00bboff\u00a0\u00bb admin_title=\u00a0\u00bbOude woning aanzicht\u00a0\u00bb header_font_select=\u00a0\u00bbdefault\u00a0\u00bb body_font_select=\u00a0\u00bbdefault\u00a0\u00bb custom_button=\u00a0\u00bboff\u00a0\u00bb button_font_select=\u00a0\u00bbdefault\u00a0\u00bb button_use_icon=\u00a0\u00bbdefault\u00a0\u00bb button_icon_placement=\u00a0\u00bbright\u00a0\u00bb button_on_hover=\u00a0\u00bbon\u00a0\u00bb image=\u00a0\u00bbhttp:\/\/la-petite-aubue.com\/wp-content\/uploads\/2015\/11\/omg3.jpg\u00a0\u00bb] [\/et_pb_slide][et_pb_slide background_image=\u00a0\u00bbhttp:\/\/la-petite-aubue.com\/wp-content\/uploads\/2016\/01\/bootje.jpg\u00a0\u00bb background_position=\u00a0\u00bbdefault\u00a0\u00bb background_size=\u00a0\u00bbdefault\u00a0\u00bb background_color=\u00a0\u00bb#ffffff\u00a0\u00bb alignment=\u00a0\u00bbcenter\u00a0\u00bb background_layout=\u00a0\u00bbdark\u00a0\u00bb allow_player_pause=\u00a0\u00bboff\u00a0\u00bb admin_title=\u00a0\u00bbBootje rivier\u00a0\u00bb header_font_select=\u00a0\u00bbdefault\u00a0\u00bb body_font_select=\u00a0\u00bbdefault\u00a0\u00bb custom_button=\u00a0\u00bboff\u00a0\u00bb button_font_select=\u00a0\u00bbdefault\u00a0\u00bb button_use_icon=\u00a0\u00bbdefault\u00a0\u00bb button_icon_placement=\u00a0\u00bbright\u00a0\u00bb button_on_hover=\u00a0\u00bbon\u00a0\u00bb image=\u00a0\u00bbhttp:\/\/la-petite-aubue.com\/wp-content\/uploads\/2016\/01\/bootje.jpg\u00a0\u00bb] [\/et_pb_slide][et_pb_slide background_image=\u00a0\u00bbhttp:\/\/la-petite-aubue.com\/wp-content\/uploads\/2016\/01\/omgeving201206.jpg\u00a0\u00bb background_position=\u00a0\u00bbdefault\u00a0\u00bb background_size=\u00a0\u00bbdefault\u00a0\u00bb background_color=\u00a0\u00bb#ffffff\u00a0\u00bb alignment=\u00a0\u00bbcenter\u00a0\u00bb background_layout=\u00a0\u00bbdark\u00a0\u00bb allow_player_pause=\u00a0\u00bboff\u00a0\u00bb admin_title=\u00a0\u00bbOude architectuur\u00a0\u00bb header_font_select=\u00a0\u00bbdefault\u00a0\u00bb body_font_select=\u00a0\u00bbdefault\u00a0\u00bb custom_button=\u00a0\u00bboff\u00a0\u00bb button_font_select=\u00a0\u00bbdefault\u00a0\u00bb button_use_icon=\u00a0\u00bbdefault\u00a0\u00bb button_icon_placement=\u00a0\u00bbright\u00a0\u00bb button_on_hover=\u00a0\u00bbon\u00a0\u00bb image=\u00a0\u00bbhttp:\/\/la-petite-aubue.com\/wp-content\/uploads\/2016\/01\/omgeving201206.jpg\u00a0\u00bb] [\/et_pb_slide][et_pb_slide background_image=\u00a0\u00bbhttp:\/\/la-petite-aubue.com\/wp-content\/uploads\/2015\/11\/omgeving201201.jpg\u00a0\u00bb background_position=\u00a0\u00bbdefault\u00a0\u00bb background_size=\u00a0\u00bbdefault\u00a0\u00bb background_color=\u00a0\u00bb#ffffff\u00a0\u00bb alignment=\u00a0\u00bbcenter\u00a0\u00bb background_layout=\u00a0\u00bbdark\u00a0\u00bb allow_player_pause=\u00a0\u00bboff\u00a0\u00bb admin_title=\u00a0\u00bbTuin met prieel\u00a0\u00bb header_font_select=\u00a0\u00bbdefault\u00a0\u00bb body_font_select=\u00a0\u00bbdefault\u00a0\u00bb custom_button=\u00a0\u00bboff\u00a0\u00bb button_font_select=\u00a0\u00bbdefault\u00a0\u00bb button_use_icon=\u00a0\u00bbdefault\u00a0\u00bb button_icon_placement=\u00a0\u00bbright\u00a0\u00bb button_on_hover=\u00a0\u00bbon\u00a0\u00bb image=\u00a0\u00bbhttp:\/\/la-petite-aubue.com\/wp-content\/uploads\/2015\/11\/omgeving201201.jpg\u00a0\u00bb] [\/et_pb_slide] [\/et_pb_fullwidth_slider][\/et_pb_section][et_pb_section admin_label=\u00a0\u00bbsection\u00a0\u00bb][et_pb_row admin_label=\u00a0\u00bbrow\u00a0\u00bb][et_pb_column type=\u00a0\u00bb4_4&Prime;][et_pb_text admin_label=\u00a0\u00bbOmgeving\u00a0\u00bb background_layout=\u00a0\u00bblight\u00a0\u00bb text_orientation=\u00a0\u00bbleft\u00a0\u00bb text_font_size=\u00a0\u00bb45&Prime; use_border_color=\u00a0\u00bboff\u00a0\u00bb border_color=\u00a0\u00bb#ffffff\u00a0\u00bb border_style=\u00a0\u00bbsolid\u00a0\u00bb custom_margin=\u00a0\u00bb1em||1em|\u00a0\u00bb saved_tabs=\u00a0\u00bball\u00a0\u00bb text_font=\u00a0\u00bbDancing Script|on|||\u00a0\u00bb text_text_color=\u00a0\u00bb#dba029&Prime;]<\/p>\n<p>Les environs<\/p>\n<p>[\/et_pb_text][et_pb_text admin_label=\u00a0\u00bbTekst omgeving\u00a0\u00bb background_layout=\u00a0\u00bblight\u00a0\u00bb text_orientation=\u00a0\u00bbleft\u00a0\u00bb use_border_color=\u00a0\u00bboff\u00a0\u00bb border_color=\u00a0\u00bb#ffffff\u00a0\u00bb border_style=\u00a0\u00bbsolid\u00a0\u00bb custom_margin=\u00a0\u00bb||2em|\u00a0\u00bb]<\/p>\n<p>Le Poitou: le d\u00e9partement de la Vienne (86) fait partie de la R\u00e9gion Poitou-Charente avec comme chef-lieu la ville historique de Poitiers. Les villages, ch\u00e2teaux et manoirs et les t\u00e9moins de l\u2019art roman sont des ornements d\u2019un paysage de rivi\u00e8res, collines, vall\u00e9es et for\u00eats.<\/p>\n<p>Vous connaissez certainement le pineau, l\u2019ap\u00e9ritif charentais, mais connaissez-vous aussi les vins du Poitou ? Ces vins, agr\u00e9es AOC en 2011, sont \u00e0 d\u00e9couvrir chez les vignerons et \u00e0 les Caves de Poitou.<\/p>\n<p>Malgr\u00e9 la proximit\u00e9 des villes, du TGV et de l\u2019autoroute cette partie du Poitou vaut le d\u00e9tour pour passer des vacances de repos.<\/p>\n<p>[\/et_pb_text][\/et_pb_column][\/et_pb_row][et_pb_row admin_label=\u00a0\u00bbRij\u00a0\u00bb make_fullwidth=\u00a0\u00bboff\u00a0\u00bb use_custom_width=\u00a0\u00bboff\u00a0\u00bb width_unit=\u00a0\u00bbon\u00a0\u00bb use_custom_gutter=\u00a0\u00bboff\u00a0\u00bb gutter_width=\u00a0\u00bb3&Prime; custom_padding=\u00a0\u00bb||2em|\u00a0\u00bb padding_mobile=\u00a0\u00bboff\u00a0\u00bb allow_player_pause=\u00a0\u00bboff\u00a0\u00bb parallax=\u00a0\u00bboff\u00a0\u00bb parallax_method=\u00a0\u00bboff\u00a0\u00bb make_equal=\u00a0\u00bboff\u00a0\u00bb parallax_1=\u00a0\u00bboff\u00a0\u00bb parallax_method_1=\u00a0\u00bboff\u00a0\u00bb column_padding_mobile=\u00a0\u00bbon\u00a0\u00bb][et_pb_column type=\u00a0\u00bb4_4&Prime;][et_pb_gallery admin_label=\u00a0\u00bbGalerij\u00a0\u00bb saved_tabs=\u00a0\u00bball\u00a0\u00bb gallery_ids=\u00a0\u00bb454,182,171,168,170,73,207,180&Prime; gallery_orderby=\u00a0\u00bbrand\u00a0\u00bb fullwidth=\u00a0\u00bboff\u00a0\u00bb show_title_and_caption=\u00a0\u00bboff\u00a0\u00bb show_pagination=\u00a0\u00bbon\u00a0\u00bb background_layout=\u00a0\u00bblight\u00a0\u00bb auto=\u00a0\u00bboff\u00a0\u00bb hover_overlay_color=\u00a0\u00bbrgba(255,255,255,0.9)\u00a0\u00bb caption_font_size=\u00a0\u00bb14&Prime; caption_all_caps=\u00a0\u00bboff\u00a0\u00bb title_font_size=\u00a0\u00bb16&Prime; use_border_color=\u00a0\u00bboff\u00a0\u00bb border_color=\u00a0\u00bb#ffffff\u00a0\u00bb border_style=\u00a0\u00bbsolid\u00a0\u00bb] [\/et_pb_gallery][\/et_pb_column][\/et_pb_row][\/et_pb_section]<\/p>\n","protected":false},"excerpt":{"rendered":"<p>Les environs Le Poitou: le d\u00e9partement de la Vienne (86) fait partie de la R\u00e9gion Poitou-Charente avec comme chef-lieu la ville historique de Poitiers. Les villages, ch\u00e2teaux et manoirs et les t\u00e9moins de l\u2019art roman sont des ornements d\u2019un paysage de rivi\u00e8res, collines, vall\u00e9es et for\u00eats. Vous connaissez certainement le pineau, l\u2019ap\u00e9ritif charentais, mais connaissez-vous [&hellip;]<\/p>\n","protected":false},"author":1,"featured_media":0,"parent":0,"menu_order":0,"comment_status":"closed","ping_status":"closed","template":"","meta":{"_et_pb_use_builder":"on","_et_pb_old_content":"<p>[et_pb_section admin_label=\"Sectie\" fullwidth=\"on\" specialty=\"off\"][et_pb_fullwidth_slider admin_label=\"Volle breedte slider\" show_arrows=\"off\" show_pagination=\"off\" auto=\"on\" auto_ignore_hover=\"off\" parallax=\"off\" parallax_method=\"off\" remove_inner_shadow=\"off\" background_position=\"default\" background_size=\"default\" hide_content_on_mobile=\"off\" hide_cta_on_mobile=\"off\" show_image_video_mobile=\"off\" header_font_size=\"46\" body_font_size=\"16\" custom_button=\"off\" button_text_size=\"20\" button_border_width=\"2\" button_border_radius=\"3\" button_letter_spacing=\"0\" button_use_icon=\"default\" button_icon_placement=\"right\" button_on_hover=\"on\" button_border_radius_hover=\"3\" button_letter_spacing_hover=\"0\" header_font=\"Dancing Script|on|||\" saved_tabs=\"all\" auto_speed=\"6000\" module_id=\"pagina-top-slider\"] [et_pb_slide background_image=\"http:\/\/la-petite-aubue.com\/wp-content\/uploads\/2015\/11\/omg3.jpg\" background_position=\"default\" background_size=\"default\" background_color=\"#ffffff\" alignment=\"center\" background_layout=\"dark\" allow_player_pause=\"off\" admin_title=\"Oude woning aanzicht\" header_font_select=\"default\" body_font_select=\"default\" custom_button=\"off\" button_font_select=\"default\" button_use_icon=\"default\" button_icon_placement=\"right\" button_on_hover=\"on\" image=\"http:\/\/la-petite-aubue.com\/wp-content\/uploads\/2015\/11\/omg3.jpg\"] [\/et_pb_slide][et_pb_slide background_image=\"http:\/\/la-petite-aubue.com\/wp-content\/uploads\/2016\/01\/bootje.jpg\" background_position=\"default\" background_size=\"default\" background_color=\"#ffffff\" alignment=\"center\" background_layout=\"dark\" allow_player_pause=\"off\" admin_title=\"Bootje rivier\" header_font_select=\"default\" body_font_select=\"default\" custom_button=\"off\" button_font_select=\"default\" button_use_icon=\"default\" button_icon_placement=\"right\" button_on_hover=\"on\" image=\"http:\/\/la-petite-aubue.com\/wp-content\/uploads\/2016\/01\/bootje.jpg\"] [\/et_pb_slide][et_pb_slide background_image=\"http:\/\/la-petite-aubue.com\/wp-content\/uploads\/2016\/01\/omgeving201206.jpg\" background_position=\"default\" background_size=\"default\" background_color=\"#ffffff\" alignment=\"center\" background_layout=\"dark\" allow_player_pause=\"off\" admin_title=\"Oude architectuur\" header_font_select=\"default\" body_font_select=\"default\" custom_button=\"off\" button_font_select=\"default\" button_use_icon=\"default\" button_icon_placement=\"right\" button_on_hover=\"on\" image=\"http:\/\/la-petite-aubue.com\/wp-content\/uploads\/2016\/01\/omgeving201206.jpg\"] [\/et_pb_slide][et_pb_slide background_image=\"http:\/\/la-petite-aubue.com\/wp-content\/uploads\/2015\/11\/omgeving201201.jpg\" background_position=\"default\" background_size=\"default\" background_color=\"#ffffff\" alignment=\"center\" background_layout=\"dark\" allow_player_pause=\"off\" admin_title=\"Tuin met prieel\" header_font_select=\"default\" body_font_select=\"default\" custom_button=\"off\" button_font_select=\"default\" button_use_icon=\"default\" button_icon_placement=\"right\" button_on_hover=\"on\" image=\"http:\/\/la-petite-aubue.com\/wp-content\/uploads\/2015\/11\/omgeving201201.jpg\"] [\/et_pb_slide] [\/et_pb_fullwidth_slider][\/et_pb_section][et_pb_section admin_label=\"section\"][et_pb_row admin_label=\"row\"][et_pb_column type=\"4_4\"][et_pb_text admin_label=\"Omgeving\" background_layout=\"light\" text_orientation=\"left\" text_font_size=\"45\" use_border_color=\"off\" border_color=\"#ffffff\" border_style=\"solid\" custom_margin=\"1em||1em|\" saved_tabs=\"all\" text_font=\"Dancing Script|on|||\" text_text_color=\"#dba029\"]<\/p><p>Die Umgebung<\/p><p>[\/et_pb_text][et_pb_text admin_label=\"Tekst omgeving\" background_layout=\"light\" text_orientation=\"left\" use_border_color=\"off\" border_color=\"#ffffff\" border_style=\"solid\" custom_margin=\"||2em|\"]<\/p><p>Das Poitou liegt im Departement Vienne (86) und geh\u00f6rt zur Region Poitou-Charentes mit Poitiers als Hauptstadt. Es gibt viele kleine D\u00f6rfer, Schl\u00f6sser und Manoirs sowie belebte r\u00f6mische St\u00e4dte. Die Landschaft besteht aus vielen Fl\u00fcssen, H\u00fcgeln, T\u00e4lern und W\u00e4ldern.<\/p><p>Neben dem bekannten Aperitif von der Charente, dem Pineau, produziert man in Poitou einen ganz guten Landwein von der Cabernet-, Gamay- und Sauvignontraube. Ein Besuch bei einem der Weinbauern und der Cave Cooperative in Neuville de Poitou ist f\u00fcr Liebhaber sicher interessant.<\/p><p>Trotz der N\u00e4he von St\u00e4dten, TGV und Autobahn kann man in dieser Gegend noch immer ein unangetastetes und altes Frankreich entdecken. Es lohnt sich daher sicherlich auch hier zu pausieren\u00a0 auf der Durchreise in den S\u00fcden.<\/p><p>[\/et_pb_text][\/et_pb_column][\/et_pb_row][et_pb_row admin_label=\"Rij\" make_fullwidth=\"off\" use_custom_width=\"off\" width_unit=\"on\" use_custom_gutter=\"off\" gutter_width=\"3\" custom_padding=\"||2em|\" padding_mobile=\"off\" allow_player_pause=\"off\" parallax=\"off\" parallax_method=\"off\" make_equal=\"off\" parallax_1=\"off\" parallax_method_1=\"off\" column_padding_mobile=\"on\"][et_pb_column type=\"4_4\"][et_pb_gallery admin_label=\"Galerij\" saved_tabs=\"all\" gallery_ids=\"454,182,171,168,170,73,207,180\" gallery_orderby=\"rand\" fullwidth=\"off\" show_title_and_caption=\"off\" show_pagination=\"on\" background_layout=\"light\" auto=\"off\" hover_overlay_color=\"rgba(255,255,255,0.9)\" caption_font_size=\"14\" caption_all_caps=\"off\" title_font_size=\"16\" use_border_color=\"off\" border_color=\"#ffffff\" border_style=\"solid\"] [\/et_pb_gallery][\/et_pb_column][\/et_pb_row][\/et_pb_section]<\/p>","_et_gb_content_width":"","ngg_post_thumbnail":0,"footnotes":""},"class_list":["post-636","page","type-page","status-publish","hentry"],"yoast_head":"<!-- This site is optimized with the Yoast SEO plugin v27.0 - https:\/\/yoast.com\/product\/yoast-seo-wordpress\/ -->\n<title>Les environs - La Petite Aubue<\/title>\n<meta name=\"robots\" content=\"index, follow, max-snippet:-1, max-image-preview:large, max-video-preview:-1\" \/>\n<link rel=\"canonical\" href=\"https:\/\/la-petite-aubue.com\/fr\/les-environs\/\" \/>\n<meta property=\"og:locale\" content=\"fr_FR\" \/>\n<meta property=\"og:type\" content=\"article\" \/>\n<meta property=\"og:title\" content=\"Les environs - La Petite Aubue\" \/>\n<meta property=\"og:description\" content=\"Les environs Le Poitou: le d\u00e9partement de la Vienne (86) fait partie de la R\u00e9gion Poitou-Charente avec comme chef-lieu la ville historique de Poitiers. Les villages, ch\u00e2teaux et manoirs et les t\u00e9moins de l\u2019art roman sont des ornements d\u2019un paysage de rivi\u00e8res, collines, vall\u00e9es et for\u00eats. Vous connaissez certainement le pineau, l\u2019ap\u00e9ritif charentais, mais connaissez-vous [&hellip;]\" \/>\n<meta property=\"og:url\" content=\"https:\/\/la-petite-aubue.com\/fr\/les-environs\/\" \/>\n<meta property=\"og:site_name\" content=\"La Petite Aubue\" \/>\n<meta property=\"article:modified_time\" content=\"2017-01-23T20:29:22+00:00\" \/>\n<meta name=\"twitter:card\" content=\"summary_large_image\" \/>\n<meta name=\"twitter:label1\" content=\"Dur\u00e9e de lecture estim\u00e9e\" \/>\n\t<meta name=\"twitter:data1\" content=\"4 minutes\" \/>\n<script type=\"application\/ld+json\" class=\"yoast-schema-graph\">{\"@context\":\"https:\/\/schema.org\",\"@graph\":[{\"@type\":\"WebPage\",\"@id\":\"https:\/\/la-petite-aubue.com\/fr\/les-environs\/\",\"url\":\"https:\/\/la-petite-aubue.com\/fr\/les-environs\/\",\"name\":\"Les environs - La Petite Aubue\",\"isPartOf\":{\"@id\":\"https:\/\/la-petite-aubue.com\/#website\"},\"datePublished\":\"2016-02-11T16:36:11+00:00\",\"dateModified\":\"2017-01-23T20:29:22+00:00\",\"breadcrumb\":{\"@id\":\"https:\/\/la-petite-aubue.com\/fr\/les-environs\/#breadcrumb\"},\"inLanguage\":\"fr-FR\",\"potentialAction\":[{\"@type\":\"ReadAction\",\"target\":[\"https:\/\/la-petite-aubue.com\/fr\/les-environs\/\"]}]},{\"@type\":\"BreadcrumbList\",\"@id\":\"https:\/\/la-petite-aubue.com\/fr\/les-environs\/#breadcrumb\",\"itemListElement\":[{\"@type\":\"ListItem\",\"position\":1,\"name\":\"Home\",\"item\":\"https:\/\/la-petite-aubue.com\/fr\/\"},{\"@type\":\"ListItem\",\"position\":2,\"name\":\"Les environs\"}]},{\"@type\":\"WebSite\",\"@id\":\"https:\/\/la-petite-aubue.com\/#website\",\"url\":\"https:\/\/la-petite-aubue.com\/\",\"name\":\"La Petite Aubue\",\"description\":\"Vakantiewoning in het glooiende landschap van de Poitou\",\"publisher\":{\"@id\":\"https:\/\/la-petite-aubue.com\/#organization\"},\"potentialAction\":[{\"@type\":\"SearchAction\",\"target\":{\"@type\":\"EntryPoint\",\"urlTemplate\":\"https:\/\/la-petite-aubue.com\/?s={search_term_string}\"},\"query-input\":{\"@type\":\"PropertyValueSpecification\",\"valueRequired\":true,\"valueName\":\"search_term_string\"}}],\"inLanguage\":\"fr-FR\"},{\"@type\":\"Organization\",\"@id\":\"https:\/\/la-petite-aubue.com\/#organization\",\"name\":\"La Petite Aubue\",\"url\":\"https:\/\/la-petite-aubue.com\/\",\"logo\":{\"@type\":\"ImageObject\",\"inLanguage\":\"fr-FR\",\"@id\":\"https:\/\/la-petite-aubue.com\/#\/schema\/logo\/image\/\",\"url\":\"https:\/\/la-petite-aubue.com\/wp-content\/uploads\/2015\/11\/La-Petite-Aubue-logo.png\",\"contentUrl\":\"https:\/\/la-petite-aubue.com\/wp-content\/uploads\/2015\/11\/La-Petite-Aubue-logo.png\",\"width\":531,\"height\":82,\"caption\":\"La Petite Aubue\"},\"image\":{\"@id\":\"https:\/\/la-petite-aubue.com\/#\/schema\/logo\/image\/\"}}]}<\/script>\n<!-- \/ Yoast SEO plugin. -->","yoast_head_json":{"title":"Les environs - La Petite Aubue","robots":{"index":"index","follow":"follow","max-snippet":"max-snippet:-1","max-image-preview":"max-image-preview:large","max-video-preview":"max-video-preview:-1"},"canonical":"https:\/\/la-petite-aubue.com\/fr\/les-environs\/","og_locale":"fr_FR","og_type":"article","og_title":"Les environs - La Petite Aubue","og_description":"Les environs Le Poitou: le d\u00e9partement de la Vienne (86) fait partie de la R\u00e9gion Poitou-Charente avec comme chef-lieu la ville historique de Poitiers. Les villages, ch\u00e2teaux et manoirs et les t\u00e9moins de l\u2019art roman sont des ornements d\u2019un paysage de rivi\u00e8res, collines, vall\u00e9es et for\u00eats. Vous connaissez certainement le pineau, l\u2019ap\u00e9ritif charentais, mais connaissez-vous [&hellip;]","og_url":"https:\/\/la-petite-aubue.com\/fr\/les-environs\/","og_site_name":"La Petite Aubue","article_modified_time":"2017-01-23T20:29:22+00:00","twitter_card":"summary_large_image","twitter_misc":{"Dur\u00e9e de lecture estim\u00e9e":"4 minutes"},"schema":{"@context":"https:\/\/schema.org","@graph":[{"@type":"WebPage","@id":"https:\/\/la-petite-aubue.com\/fr\/les-environs\/","url":"https:\/\/la-petite-aubue.com\/fr\/les-environs\/","name":"Les environs - La Petite Aubue","isPartOf":{"@id":"https:\/\/la-petite-aubue.com\/#website"},"datePublished":"2016-02-11T16:36:11+00:00","dateModified":"2017-01-23T20:29:22+00:00","breadcrumb":{"@id":"https:\/\/la-petite-aubue.com\/fr\/les-environs\/#breadcrumb"},"inLanguage":"fr-FR","potentialAction":[{"@type":"ReadAction","target":["https:\/\/la-petite-aubue.com\/fr\/les-environs\/"]}]},{"@type":"BreadcrumbList","@id":"https:\/\/la-petite-aubue.com\/fr\/les-environs\/#breadcrumb","itemListElement":[{"@type":"ListItem","position":1,"name":"Home","item":"https:\/\/la-petite-aubue.com\/fr\/"},{"@type":"ListItem","position":2,"name":"Les environs"}]},{"@type":"WebSite","@id":"https:\/\/la-petite-aubue.com\/#website","url":"https:\/\/la-petite-aubue.com\/","name":"La Petite Aubue","description":"Vakantiewoning in het glooiende landschap van de Poitou","publisher":{"@id":"https:\/\/la-petite-aubue.com\/#organization"},"potentialAction":[{"@type":"SearchAction","target":{"@type":"EntryPoint","urlTemplate":"https:\/\/la-petite-aubue.com\/?s={search_term_string}"},"query-input":{"@type":"PropertyValueSpecification","valueRequired":true,"valueName":"search_term_string"}}],"inLanguage":"fr-FR"},{"@type":"Organization","@id":"https:\/\/la-petite-aubue.com\/#organization","name":"La Petite Aubue","url":"https:\/\/la-petite-aubue.com\/","logo":{"@type":"ImageObject","inLanguage":"fr-FR","@id":"https:\/\/la-petite-aubue.com\/#\/schema\/logo\/image\/","url":"https:\/\/la-petite-aubue.com\/wp-content\/uploads\/2015\/11\/La-Petite-Aubue-logo.png","contentUrl":"https:\/\/la-petite-aubue.com\/wp-content\/uploads\/2015\/11\/La-Petite-Aubue-logo.png","width":531,"height":82,"caption":"La Petite Aubue"},"image":{"@id":"https:\/\/la-petite-aubue.com\/#\/schema\/logo\/image\/"}}]}},"_links":{"self":[{"href":"https:\/\/la-petite-aubue.com\/fr\/wp-json\/wp\/v2\/pages\/636","targetHints":{"allow":["GET"]}}],"collection":[{"href":"https:\/\/la-petite-aubue.com\/fr\/wp-json\/wp\/v2\/pages"}],"about":[{"href":"https:\/\/la-petite-aubue.com\/fr\/wp-json\/wp\/v2\/types\/page"}],"author":[{"embeddable":true,"href":"https:\/\/la-petite-aubue.com\/fr\/wp-json\/wp\/v2\/users\/1"}],"replies":[{"embeddable":true,"href":"https:\/\/la-petite-aubue.com\/fr\/wp-json\/wp\/v2\/comments?post=636"}],"version-history":[{"count":3,"href":"https:\/\/la-petite-aubue.com\/fr\/wp-json\/wp\/v2\/pages\/636\/revisions"}],"predecessor-version":[{"id":1447,"href":"https:\/\/la-petite-aubue.com\/fr\/wp-json\/wp\/v2\/pages\/636\/revisions\/1447"}],"wp:attachment":[{"href":"https:\/\/la-petite-aubue.com\/fr\/wp-json\/wp\/v2\/media?parent=636"}],"curies":[{"name":"wp","href":"https:\/\/api.w.org\/{rel}","templated":true}]}}